{"id":1996,"date":"2022-02-25T17:47:18","date_gmt":"2022-02-25T17:47:18","guid":{"rendered":"https:\/\/cormashop.com.mx\/?post_type=product&#038;p=1996"},"modified":"2025-04-29T19:13:12","modified_gmt":"2025-04-29T19:13:12","slug":"bacterex-germicida-sanitizante","status":"publish","type":"product","link":"https:\/\/cormashop.com.mx\/index.php\/product\/bacterex-germicida-sanitizante\/","title":{"rendered":"BACTEREX  Germicida Sanitizante."},"content":{"rendered":"<div id=\"wd-5bf783f6916ec\" class=\"title-wrapper woodmart-title-color-default woodmart-title-style-default woodmart-title-width-100 text-left woodmart-title-size-default \">\n<div class=\"liner-continer\">\n<h4 class=\"fusion-responsive-typography-calculated\" data-fontsize=\"18\" data-lineheight=\"33.66px\">BACTEREX Germicida<\/h4>\n<h4 class=\"woodmart-title-container title woodmart-font-weight-500 fusion-responsive-typography-calculated\" data-fontsize=\"18\" data-lineheight=\"33.66px\">DETALLES DEL PRODUCTO<\/h4>\n<p>BACTEREX Germicida, sanitizante germicida, fungicida y bactericida concentrado.<br \/>\nAprueba las verificaci\u00f3nes microbiol\u00f3gicas m\u00e1s exigentes.<\/p>\n<\/div>\n<\/div>\n<p>Bacterex cuenta con las m\u00e1s altas exigencias de sanidad que deben cumplirse al limpiar los equipos de trabajo en plantas procesadoras de alimentos y bebidas as\u00ed como en laboratorios qu\u00edmico farmac\u00e9uticos.<\/p>\n<p>Las exigencias de sanidad que deben cumplirse al limpiar los equipos de trabajo en plantas procesadoras de alimentos y bebidas as\u00ed como en laboratorios qu\u00edmico famac\u00e9uticos, son cubiertos plenamente por su elevado coeficiente fen\u00f3lico y si amplio espectro.<\/p>\n<p>Por su elevado coeficiente fen\u00f3lico y su amplio espectro aprueba las verificaciones microbiol\u00f3gicas m\u00e1s exigentes a que se puede someter un germicida. Es efectivo contra bacterias pat\u00f3genas, tales como:\u00a0<strong>Eberthella Typhosa, Staphylococcus Aureus, Cryptococcus Hominis, Escherichia Coli, etc.<\/strong><\/p>\n","protected":false},"excerpt":{"rendered":"<div class=\"summary entry-summary\">\n<div class=\"summary-container\">\n<div class=\"post-content woocommerce-product-details__short-description\">\n<p>BACTEREX Germicida<\/p>\n<p>NO es t\u00f3xico ni corrosivo, usado en las diluciones recomendadas.<br \/>\nNO imparte sabor NI olor a las \u00e1reas sanitizadas.<\/p>\n<p>AHORRO<br \/>\nAhorro significativo que te permite ahorrar dinero, agua y tiempo en la limpieza<br \/>\nCALIDAD<br \/>\nFabricados con Tecnolog\u00eda Europea; ya no limpiez con agua y fragancia, desinfecta y sanitiza.<\/p>\n<\/div>\n<\/div>\n<\/div>\n<div class=\"woocommerce-tabs wc-tabs-wrapper\">\n<div id=\"tab-description\" class=\"woocommerce-Tabs-panel woocommerce-Tabs-panel--description panel entry-content wc-tab\" role=\"tabpanel\" aria-labelledby=\"tab-title-description\">\n<div class=\"post-content\"><\/div>\n<\/div>\n<\/div>\n","protected":false},"featured_media":1998,"comment_status":"open","ping_status":"closed","template":"","meta":[],"product_cat":[68],"product_tag":[],"class_list":["post-1996","product","type-product","status-publish","has-post-thumbnail","hentry","product_cat-stanley"],"_links":{"self":[{"href":"https:\/\/cormashop.com.mx\/index.php\/wp-json\/wp\/v2\/product\/1996","targetHints":{"allow":["GET"]}}],"collection":[{"href":"https:\/\/cormashop.com.mx\/index.php\/wp-json\/wp\/v2\/product"}],"about":[{"href":"https:\/\/cormashop.com.mx\/index.php\/wp-json\/wp\/v2\/types\/product"}],"replies":[{"embeddable":true,"href":"https:\/\/cormashop.com.mx\/index.php\/wp-json\/wp\/v2\/comments?post=1996"}],"wp:featuredmedia":[{"embeddable":true,"href":"https:\/\/cormashop.com.mx\/index.php\/wp-json\/wp\/v2\/media\/1998"}],"wp:attachment":[{"href":"https:\/\/cormashop.com.mx\/index.php\/wp-json\/wp\/v2\/media?parent=1996"}],"wp:term":[{"taxonomy":"product_cat","embeddable":true,"href":"https:\/\/cormashop.com.mx\/index.php\/wp-json\/wp\/v2\/product_cat?post=1996"},{"taxonomy":"product_tag","embeddable":true,"href":"https:\/\/cormashop.com.mx\/index.php\/wp-json\/wp\/v2\/product_tag?post=1996"}],"curies":[{"name":"wp","href":"https:\/\/api.w.org\/{rel}","templated":true}]}}