{"id":1999,"date":"2022-02-25T17:51:38","date_gmt":"2022-02-25T17:51:38","guid":{"rendered":"https:\/\/cormashop.com.mx\/?post_type=product&#038;p=1999"},"modified":"2025-04-29T19:13:12","modified_gmt":"2025-04-29T19:13:12","slug":"respirador-para-particulas-3m-9502n95","status":"publish","type":"product","link":"https:\/\/cormashop.com.mx\/index.php\/product\/respirador-para-particulas-3m-9502n95\/","title":{"rendered":"Respirador para Part\u00edculas 3M\u2122 9502+N95"},"content":{"rendered":"<div class=\"MMM--tabSection clearfix 2\" data-content=\"N100C1\">\n<div class=\"MMM--hdg MMM--hdg_2 SNAPS--hdg_2 MMM--tabHeader\">Especificaciones<\/div>\n<div class=\"tabContentContainer MMM--contentToggle-target MMM--isActive\">\n<div class=\"productSpecs\">\n<table class=\"MMM--dat MMM--pdpTabVr SNAPS--SpecTbl-Mt15\">\n<tbody>\n<tr class=\"MMM--dat-row\">\n<td>\n<div class=\"MMM--dat-cell SNAPS-specAdjust\"><span class=\"MMM--txt_bold\">Alivio de Molestias por Olor (&lt; OSHA PEL)<\/span><\/div>\n<\/td>\n<td>\n<div class=\"MMM--dat-cell dat-cell_specDefinition SNAPS-specAdjust SNAPS--SpecTbl-RowCols SNAPS--SpecTbl-Overflow\"><span class=\"MMM--txt_bold\">No<\/span><\/div>\n<\/td>\n<\/tr>\n<tr class=\"MMM--dat-row\">\n<td>\n<div class=\"MMM--dat-cell SNAPS-specAdjust\"><span class=\"MMM--txt_bold\">Aprobado por la FDA<\/span><\/div>\n<\/td>\n<td>\n<div class=\"MMM--dat-cell dat-cell_specDefinition SNAPS-specAdjust SNAPS--SpecTbl-RowCols SNAPS--SpecTbl-Overflow\"><span class=\"MMM--txt_bold\">No<\/span><\/div>\n<\/td>\n<\/tr>\n<tr class=\"MMM--dat-row\">\n<td>\n<div class=\"MMM--dat-cell SNAPS-specAdjust\"><span class=\"MMM--txt_bold\">Cajas Por Embalaje Mayorista<\/span><\/div>\n<\/td>\n<td>\n<div class=\"MMM--dat-cell dat-cell_specDefinition SNAPS-specAdjust SNAPS--SpecTbl-RowCols SNAPS--SpecTbl-Overflow\"><span class=\"MMM--txt_bold\">10<\/span><\/div>\n<\/td>\n<\/tr>\n<tr class=\"MMM--dat-row\">\n<td>\n<div class=\"MMM--dat-cell SNAPS-specAdjust\"><span class=\"MMM--txt_bold\">Componentes de L\u00e1tex de Caucho Natural<\/span><\/div>\n<\/td>\n<td>\n<div class=\"MMM--dat-cell dat-cell_specDefinition SNAPS-specAdjust SNAPS--SpecTbl-RowCols SNAPS--SpecTbl-Overflow\"><span class=\"MMM--txt_bold\">No<\/span><\/div>\n<\/td>\n<\/tr>\n<tr class=\"MMM--dat-row\">\n<td>\n<div class=\"MMM--dat-cell SNAPS-specAdjust\"><span class=\"MMM--txt_bold\">Estilo de Respirador<\/span><\/div>\n<\/td>\n<td>\n<div class=\"MMM--dat-cell dat-cell_specDefinition SNAPS-specAdjust SNAPS--SpecTbl-RowCols SNAPS--SpecTbl-Overflow\"><span class=\"MMM--txt_bold\">Plegado plano<\/span><\/div>\n<\/td>\n<\/tr>\n<tr class=\"MMM--dat-row\">\n<td>\n<div class=\"MMM--dat-cell SNAPS-specAdjust\"><span class=\"MMM--txt_bold\">Industria Recomendada<\/span><\/div>\n<\/td>\n<td>\n<div class=\"MMM--dat-cell dat-cell_specDefinition SNAPS-specAdjust SNAPS--SpecTbl-RowCols SNAPS--SpecTbl-Overflow\"><span class=\"MMM--txt_bold\">Construcci\u00f3n<\/span><span class=\"MMM--txt_bold\">, Procesamiento de Alimentos<\/span><span class=\"MMM--txt_bold\">, Manufactura en General<\/span><span class=\"MMM--txt_bold\">, Mantenimiento industrial<\/span><span class=\"MMM--txt_bold\">, Transportes<\/span><\/div>\n<\/td>\n<\/tr>\n<tr class=\"MMM--dat-row\">\n<td>\n<div class=\"MMM--dat-cell SNAPS-specAdjust\"><span class=\"MMM--txt_bold\">Marca<\/span><\/div>\n<\/td>\n<td>\n<div class=\"MMM--dat-cell dat-cell_specDefinition SNAPS-specAdjust SNAPS--SpecTbl-RowCols SNAPS--SpecTbl-Overflow\"><span class=\"MMM--txt_bold\">3M\u2122<\/span><\/div>\n<\/td>\n<\/tr>\n<tr class=\"MMM--dat-row\">\n<td>\n<div class=\"MMM--dat-cell SNAPS-specAdjust\"><span class=\"MMM--txt_bold\">Resistencia al Fuego<\/span><\/div>\n<\/td>\n<td>\n<div class=\"MMM--dat-cell dat-cell_specDefinition SNAPS-specAdjust SNAPS--SpecTbl-RowCols SNAPS--SpecTbl-Overflow\"><span class=\"MMM--txt_bold\">No<\/span><\/div>\n<\/td>\n<\/tr>\n<tr class=\"MMM--dat-row\">\n<td>\n<div class=\"MMM--dat-cell SNAPS-specAdjust\"><span class=\"MMM--txt_bold\">Tipo de Aerosol<\/span><\/div>\n<\/td>\n<td>\n<div class=\"MMM--dat-cell dat-cell_specDefinition SNAPS-specAdjust SNAPS--SpecTbl-RowCols SNAPS--SpecTbl-Overflow\"><span class=\"MMM--txt_bold\">No Aceitoso<\/span><\/div>\n<\/td>\n<\/tr>\n<tr class=\"MMM--dat-row\">\n<td>\n<div class=\"MMM--dat-cell SNAPS-specAdjust\"><span class=\"MMM--txt_bold\">Tipo de Producto<\/span><\/div>\n<\/td>\n<td>\n<div class=\"MMM--dat-cell dat-cell_specDefinition SNAPS-specAdjust SNAPS--SpecTbl-RowCols SNAPS--SpecTbl-Overflow\"><span class=\"MMM--txt_bold\">Respirador desechable<\/span><\/div>\n<\/td>\n<\/tr>\n<tr class=\"MMM--dat-row\">\n<td>\n<div class=\"MMM--dat-cell SNAPS-specAdjust\"><span class=\"MMM--txt_bold\">V\u00e1lvula de Exhalaci\u00f3n<\/span><\/div>\n<\/td>\n<td>\n<div class=\"MMM--dat-cell dat-cell_specDefinition SNAPS-specAdjust SNAPS--SpecTbl-RowCols SNAPS--SpecTbl-Overflow\"><span class=\"MMM--txt_bold\">Sin V\u00e1lvula<\/span><\/div>\n<\/td>\n<\/tr>\n<\/tbody>\n<\/table>\n<\/div>\n<\/div>\n<\/div>\n<div class=\"MMM--tabSection clearfix 2\" data-content=\"N10105\">\n<div class=\"MMM--hdg MMM--hdg_2 SNAPS--hdg_2 MMM--tabHeader\">Detalles<\/div>\n<div class=\"tabContentContainer MMM--contentToggle-target MMM--isActive\">\n<div class=\"MMM--contentPadded MMM--accordionPanel\">\n<div class=\"MMM--grids\">\n<div class=\"MMM--grids-col MMM--grids-col_pdpMain\">\n<ul class=\"MMM--pdpList SNAPS--bullets\">\n<li>Calificaci\u00f3n N95 aprobada por NIOSH<\/li>\n<li>Medio filtrante patentado por 3M ayuda a facilitar la respiraci\u00f3n<\/li>\n<li>Clip de nariz ajustable ayuda a proporcionar un ajuste confortable y un sellado seguro<\/li>\n<li>C\u00f3modo estilo de pliegue plano<\/li>\n<li>Forro interior suave contra la piel<\/li>\n<\/ul>\n<p class=\"SNAPS--pdpTabDes\">El Respirador para Part\u00edculas 3M\u2122 9502+ N95 es un respirador desechable con pliegue plano vertical dise\u00f1ado para ayudar a proporcionar una protecci\u00f3n c\u00f3moda y confiable contra las part\u00edculas no aceitosas.<\/p>\n<p class=\"SNAPS--pdpTabDes\">El Respirador para Part\u00edculas 3M\u2122 9502+ N95 es un respirador desechable dise\u00f1ado para ayudar a proporcionar protecci\u00f3n respiratoria con aproximadamente 95% de eficiencia de filtraci\u00f3n contra determinadas part\u00edculas no aceitosas. El dise\u00f1o ligero con pliegue plano vertical ayuda a ofrecer protecci\u00f3n respiratoria confiable, conveniente y de calidad. 3M utiliza una variedad de tecnolog\u00edas innovadoras y caracter\u00edsticas que le ayudar\u00e1n a satisfacer sus necesidades de protecci\u00f3n respiratoria y confort. El respirador incorpora la tecnolog\u00eda patentada de 3M\u2122 con avanzadas microfibras filtrantes cargadas electrost\u00e1ticamente, dise\u00f1adas para facilitar la respiraci\u00f3n. El forro interior suave y la banda tejida proporciona confort adicional mientras que el clip de nariz ajustable ofrece un sellado personalizado. ADVERTENCIA: Los respiradores ayudan a reducir la exposici\u00f3n a ciertos contaminantes en el aire. Antes de utilizarlo, el usuario debe leer y comprender las instrucciones incluidas como parte del embalaje del producto. Se recomienda incluir la capacitaci\u00f3n, pruebas de ajuste y evaluaci\u00f3n m\u00e9dica. El mal uso puede ocasionar enfermedad o incluso la muerte. Para un uso adecuado, consulte las instrucciones del paquete, vea a su supervisor o se comunique con el servicio t\u00e9cnico de 3M.<\/p>\n<h4 class=\"MMM--hdg MMM--pdpTabVr SNAPS--pdpTabVr fusion-responsive-typography-calculated\" data-fontsize=\"18\" data-lineheight=\"33.66px\">Aplicaciones sugeridas<\/h4>\n<ul class=\"MMM--pdpList SNAPS--bullets\">\n<li>Barrido, lijado, esmerilado, serrado, ensacado y otras aplicaciones con polvo<\/li>\n<li>Se puede utilizar para ayudar a reducir la inhalaci\u00f3n de ciertas part\u00edculas biol\u00f3gicas en el aire como el moho, Bacillus anthracis, Mycobacterium tuberculosis y otras<\/li>\n<li>Preparaci\u00f3n para emergencias o pandemias, el almacenamiento, etc.<\/li>\n<\/ul>\n<\/div>\n<\/div>\n<\/div>\n<\/div>\n<\/div>\n","protected":false},"excerpt":{"rendered":"<ul class=\"MMM--pdpList SNAPS--bullets js--bnftsPdPList\">\n<li>Calificaci\u00f3n N95 aprobada por NIOSH<\/li>\n<li>Medio filtrante patentado por 3M ayuda a facilitar la respiraci\u00f3n<\/li>\n<li>Clip de nariz ajustable ayuda a proporcionar un ajuste confortable y un sellado seguro<\/li>\n<li>C\u00f3modo estilo de pliegue plano.<\/li>\n<\/ul>\n","protected":false},"featured_media":2000,"comment_status":"open","ping_status":"closed","template":"","meta":[],"product_cat":[67],"product_tag":[],"class_list":["post-1999","product","type-product","status-publish","has-post-thumbnail","hentry","product_cat-3m"],"_links":{"self":[{"href":"https:\/\/cormashop.com.mx\/index.php\/wp-json\/wp\/v2\/product\/1999","targetHints":{"allow":["GET"]}}],"collection":[{"href":"https:\/\/cormashop.com.mx\/index.php\/wp-json\/wp\/v2\/product"}],"about":[{"href":"https:\/\/cormashop.com.mx\/index.php\/wp-json\/wp\/v2\/types\/product"}],"replies":[{"embeddable":true,"href":"https:\/\/cormashop.com.mx\/index.php\/wp-json\/wp\/v2\/comments?post=1999"}],"wp:featuredmedia":[{"embeddable":true,"href":"https:\/\/cormashop.com.mx\/index.php\/wp-json\/wp\/v2\/media\/2000"}],"wp:attachment":[{"href":"https:\/\/cormashop.com.mx\/index.php\/wp-json\/wp\/v2\/media?parent=1999"}],"wp:term":[{"taxonomy":"product_cat","embeddable":true,"href":"https:\/\/cormashop.com.mx\/index.php\/wp-json\/wp\/v2\/product_cat?post=1999"},{"taxonomy":"product_tag","embeddable":true,"href":"https:\/\/cormashop.com.mx\/index.php\/wp-json\/wp\/v2\/product_tag?post=1999"}],"curies":[{"name":"wp","href":"https:\/\/api.w.org\/{rel}","templated":true}]}}