{"id":2466,"date":"2022-03-02T17:13:11","date_gmt":"2022-03-02T17:13:11","guid":{"rendered":"https:\/\/cormashop.com.mx\/?post_type=product&#038;p=2466"},"modified":"2025-04-29T19:13:11","modified_gmt":"2025-04-29T19:13:11","slug":"plastico-retractil-utilidad-kn-stanley","status":"publish","type":"product","link":"https:\/\/cormashop.com.mx\/index.php\/product\/plastico-retractil-utilidad-kn-stanley\/","title":{"rendered":"PLASTICO RETRACTIL UTILIDAD KN STANLEY"},"content":{"rendered":"<p>El pl\u00e1stico retr\u00e1ctil puede ser utilizado con muy diversos fines en el \u00e1mbito del embalaje, pero cobra especial protagonismo en:<\/p>\n<p>La paletizaci\u00f3n, al estar dise\u00f1ado para compactar la mercanc\u00eda y fijarla, evitando que se mueva, se caiga o se pierda durante la manipulaci\u00f3n.<br \/>\nEl almacenamiento de productos a la intemperie, por la protecci\u00f3n que ofrece frente a las inclemencias del tiempo y frente a otros agentes externos.<br \/>\nLa exportaci\u00f3n, por su gran resistencia y por su fiabilidad, cualidades que garantizan que los productos llegar\u00e1n sanos y salvos a su destino.<br \/>\nC\u00f3mo se aplica el pl\u00e1stico retr\u00e1ctil<br \/>\nPara embalar adecuadamente tus productos con pl\u00e1stico retr\u00e1ctil necesitar\u00e1s m\u00e1quinas retractiladoras o pistolas de aire caliente para retracci\u00f3n.<\/p>\n","protected":false},"excerpt":{"rendered":"<p>El pl\u00e1stico retr\u00e1ctil es un tipo de film fabricado, fundamentalmente, con polietileno. Se distingue por ajustarse como un guante, mediante la aplicaci\u00f3n de calor, a las formas y vol\u00famenes de los objetos, inmoviliz\u00e1ndolos y estabiliz\u00e1ndolos para su correcto almacenaje y transporte. Es inmune al fuego y protege frente a la acci\u00f3n de la humedad, el sol, el polvo y las sustancias corrosivas.<\/p>\n","protected":false},"featured_media":2001,"comment_status":"closed","ping_status":"closed","template":"","meta":[],"product_cat":[68],"product_tag":[],"class_list":["post-2466","product","type-product","status-publish","has-post-thumbnail","hentry","product_cat-stanley"],"_links":{"self":[{"href":"https:\/\/cormashop.com.mx\/index.php\/wp-json\/wp\/v2\/product\/2466","targetHints":{"allow":["GET"]}}],"collection":[{"href":"https:\/\/cormashop.com.mx\/index.php\/wp-json\/wp\/v2\/product"}],"about":[{"href":"https:\/\/cormashop.com.mx\/index.php\/wp-json\/wp\/v2\/types\/product"}],"replies":[{"embeddable":true,"href":"https:\/\/cormashop.com.mx\/index.php\/wp-json\/wp\/v2\/comments?post=2466"}],"wp:featuredmedia":[{"embeddable":true,"href":"https:\/\/cormashop.com.mx\/index.php\/wp-json\/wp\/v2\/media\/2001"}],"wp:attachment":[{"href":"https:\/\/cormashop.com.mx\/index.php\/wp-json\/wp\/v2\/media?parent=2466"}],"wp:term":[{"taxonomy":"product_cat","embeddable":true,"href":"https:\/\/cormashop.com.mx\/index.php\/wp-json\/wp\/v2\/product_cat?post=2466"},{"taxonomy":"product_tag","embeddable":true,"href":"https:\/\/cormashop.com.mx\/index.php\/wp-json\/wp\/v2\/product_tag?post=2466"}],"curies":[{"name":"wp","href":"https:\/\/api.w.org\/{rel}","templated":true}]}}