{"id":2467,"date":"2022-03-02T17:13:11","date_gmt":"2022-03-02T17:13:11","guid":{"rendered":"https:\/\/cormashop.com.mx\/?post_type=product&#038;p=2467"},"modified":"2025-04-29T19:13:12","modified_gmt":"2025-04-29T19:13:12","slug":"cuchilla-auto-retractil-stanley","status":"publish","type":"product","link":"https:\/\/cormashop.com.mx\/index.php\/product\/cuchilla-auto-retractil-stanley\/","title":{"rendered":"CUCHILLA AUTO RETRACTIL STANLEY"},"content":{"rendered":"<p>La hoja se retracta automaticamente cuando se suelta la presi\u00f3n del bot\u00f3n.<br \/>\nMecanismo patentado de nariz superpuesta mantiene segura la hoja en su posici\u00f3n.<br \/>\nEl uso de hojas de punta redondeada reduce el riesgo de cortes accidentales.<br \/>\nDisponible con mango color rojo para f\u00e1cil localizaci\u00f3n en el \u00e1rea de trabajo.<br \/>\nIncluye 1 hoja.<\/p>\n","protected":false},"excerpt":{"rendered":"<p>La hoja se retracta automaticamente cuando se suelta la presi\u00f3n del bot\u00f3n.<br \/>\nMecanismo patentado de nariz superpuesta mantiene segura la hoja en su posici\u00f3n.<br \/>\nEl uso de hojas de punta redondeada reduce el riesgo de cortes accidentales.<br \/>\nDisponible con mango color rojo para f\u00e1cil localizaci\u00f3n en el \u00e1rea de trabajo.<br \/>\nIncluye 1 hoja.<\/p>\n","protected":false},"featured_media":2002,"comment_status":"closed","ping_status":"closed","template":"","meta":[],"product_cat":[68],"product_tag":[],"class_list":["post-2467","product","type-product","status-publish","has-post-thumbnail","hentry","product_cat-stanley"],"_links":{"self":[{"href":"https:\/\/cormashop.com.mx\/index.php\/wp-json\/wp\/v2\/product\/2467","targetHints":{"allow":["GET"]}}],"collection":[{"href":"https:\/\/cormashop.com.mx\/index.php\/wp-json\/wp\/v2\/product"}],"about":[{"href":"https:\/\/cormashop.com.mx\/index.php\/wp-json\/wp\/v2\/types\/product"}],"replies":[{"embeddable":true,"href":"https:\/\/cormashop.com.mx\/index.php\/wp-json\/wp\/v2\/comments?post=2467"}],"wp:featuredmedia":[{"embeddable":true,"href":"https:\/\/cormashop.com.mx\/index.php\/wp-json\/wp\/v2\/media\/2002"}],"wp:attachment":[{"href":"https:\/\/cormashop.com.mx\/index.php\/wp-json\/wp\/v2\/media?parent=2467"}],"wp:term":[{"taxonomy":"product_cat","embeddable":true,"href":"https:\/\/cormashop.com.mx\/index.php\/wp-json\/wp\/v2\/product_cat?post=2467"},{"taxonomy":"product_tag","embeddable":true,"href":"https:\/\/cormashop.com.mx\/index.php\/wp-json\/wp\/v2\/product_tag?post=2467"}],"curies":[{"name":"wp","href":"https:\/\/api.w.org\/{rel}","templated":true}]}}