{"id":2469,"date":"2022-03-02T17:13:11","date_gmt":"2022-03-02T17:13:11","guid":{"rendered":"https:\/\/cormashop.com.mx\/?post_type=product&#038;p=2469"},"modified":"2025-04-29T19:13:12","modified_gmt":"2025-04-29T19:13:12","slug":"hojas-de-repuesto-para-trabajo-extra-pes","status":"publish","type":"product","link":"https:\/\/cormashop.com.mx\/index.php\/product\/hojas-de-repuesto-para-trabajo-extra-pes\/","title":{"rendered":"HOJAS DE REPUESTO PARA TRABAJO EXTRA PES"},"content":{"rendered":"<p>Son las hojas de repuesto Stanley\u00ae m\u00e1s afiladas, resistentes y duraderas.<br \/>\nHoja endurecida por inducci\u00f3n dura 75% m\u00e1s que las hojas Stanley\u00ae 1992\u00ae.<br \/>\nHoja tratada con calor es 20% m\u00e1s resistente que las hojas Stanley\u00ae 1992\u00ae.<br \/>\nHoja 35% m\u00e1s afilada que las hojas Stanley\u00ae 1992\u00ae gracias al nuevo dise\u00f1o geom\u00e9trico del filo.<br \/>\nCorta m\u00faltiples materiales: tabla roca, cart\u00f3n de yeso, alfombras, insolaci\u00f3n, y otros materiales similares.<\/p>\n","protected":false},"excerpt":{"rendered":"<p>Hoja de uso general para trabajo extra pesado.<br \/>\nPara uso solamente en cuchillas de hoja fija.<\/p>\n","protected":false},"featured_media":2004,"comment_status":"closed","ping_status":"closed","template":"","meta":[],"product_cat":[68],"product_tag":[],"class_list":["post-2469","product","type-product","status-publish","has-post-thumbnail","hentry","product_cat-stanley"],"_links":{"self":[{"href":"https:\/\/cormashop.com.mx\/index.php\/wp-json\/wp\/v2\/product\/2469","targetHints":{"allow":["GET"]}}],"collection":[{"href":"https:\/\/cormashop.com.mx\/index.php\/wp-json\/wp\/v2\/product"}],"about":[{"href":"https:\/\/cormashop.com.mx\/index.php\/wp-json\/wp\/v2\/types\/product"}],"replies":[{"embeddable":true,"href":"https:\/\/cormashop.com.mx\/index.php\/wp-json\/wp\/v2\/comments?post=2469"}],"wp:featuredmedia":[{"embeddable":true,"href":"https:\/\/cormashop.com.mx\/index.php\/wp-json\/wp\/v2\/media\/2004"}],"wp:attachment":[{"href":"https:\/\/cormashop.com.mx\/index.php\/wp-json\/wp\/v2\/media?parent=2469"}],"wp:term":[{"taxonomy":"product_cat","embeddable":true,"href":"https:\/\/cormashop.com.mx\/index.php\/wp-json\/wp\/v2\/product_cat?post=2469"},{"taxonomy":"product_tag","embeddable":true,"href":"https:\/\/cormashop.com.mx\/index.php\/wp-json\/wp\/v2\/product_tag?post=2469"}],"curies":[{"name":"wp","href":"https:\/\/api.w.org\/{rel}","templated":true}]}}