{"id":2492,"date":"2022-03-02T17:13:13","date_gmt":"2022-03-02T17:13:13","guid":{"rendered":"https:\/\/cormashop.com.mx\/?post_type=product&#038;p=2492"},"modified":"2025-04-29T19:13:10","modified_gmt":"2025-04-29T19:13:10","slug":"cortadora-de-metales-14-2200w-3800rpm","status":"publish","type":"product","link":"https:\/\/cormashop.com.mx\/index.php\/product\/cortadora-de-metales-14-2200w-3800rpm\/","title":{"rendered":"CORTADORA DE METALES 14&#8243;, 2200W, 3800RPM"},"content":{"rendered":"<p>Mango con dise\u00f1o ergon\u00f3mico, ofrece una posici\u00f3n m\u00e1s c\u00f3moda para el operario, disminuyendo el cansancio y aumentando la productividad.<br \/>\nPrensa de ajuste r\u00e1pido, permite sujetar materiales de distintos tama\u00f1os y formas para aumentar la productividad.<br \/>\nLa gu\u00eda pivotante a 45\u00b0 permite realizar cortes angulares r\u00e1pidos y precisos.<br \/>\nIncluye: 1 disco abrasivo de 14&#8243; y llave.<\/p>\n","protected":false},"excerpt":{"rendered":"<p>Potencia: 2200 W<br \/>\nVelocidad: 3,800 RPM<br \/>\nDisco: 355mm (14&#8243;)<br \/>\nEje: 25.4mm (1&#8243;)<br \/>\nPotente motor, brinda protecci\u00f3n contra sobrecarga, aumentando el rendimiento y la durabilidad.<\/p>\n","protected":false},"featured_media":2027,"comment_status":"closed","ping_status":"closed","template":"","meta":[],"product_cat":[69],"product_tag":[],"class_list":["post-2492","product","type-product","status-publish","has-post-thumbnail","hentry","product_cat-dewalt"],"_links":{"self":[{"href":"https:\/\/cormashop.com.mx\/index.php\/wp-json\/wp\/v2\/product\/2492","targetHints":{"allow":["GET"]}}],"collection":[{"href":"https:\/\/cormashop.com.mx\/index.php\/wp-json\/wp\/v2\/product"}],"about":[{"href":"https:\/\/cormashop.com.mx\/index.php\/wp-json\/wp\/v2\/types\/product"}],"replies":[{"embeddable":true,"href":"https:\/\/cormashop.com.mx\/index.php\/wp-json\/wp\/v2\/comments?post=2492"}],"wp:featuredmedia":[{"embeddable":true,"href":"https:\/\/cormashop.com.mx\/index.php\/wp-json\/wp\/v2\/media\/2027"}],"wp:attachment":[{"href":"https:\/\/cormashop.com.mx\/index.php\/wp-json\/wp\/v2\/media?parent=2492"}],"wp:term":[{"taxonomy":"product_cat","embeddable":true,"href":"https:\/\/cormashop.com.mx\/index.php\/wp-json\/wp\/v2\/product_cat?post=2492"},{"taxonomy":"product_tag","embeddable":true,"href":"https:\/\/cormashop.com.mx\/index.php\/wp-json\/wp\/v2\/product_tag?post=2492"}],"curies":[{"name":"wp","href":"https:\/\/api.w.org\/{rel}","templated":true}]}}