{"id":2495,"date":"2022-03-02T17:13:13","date_gmt":"2022-03-02T17:13:13","guid":{"rendered":"https:\/\/cormashop.com.mx\/?post_type=product&#038;p=2495"},"modified":"2025-04-29T19:13:10","modified_gmt":"2025-04-29T19:13:10","slug":"rotomartillo-1-2-20v-compacto","status":"publish","type":"product","link":"https:\/\/cormashop.com.mx\/index.php\/product\/rotomartillo-1-2-20v-compacto\/","title":{"rendered":"ROTOMARTILLO 1\/2&#8243; 20V COMPACTO"},"content":{"rendered":"<p>Perforaciones en mamposter\u00eda, ladrillo y bloque para colocaci\u00f3n de anclajes mec\u00e1nicos.<br \/>\nPerforaciones y fijaciones en madera y metal en di\u00e1metros inferiores a 13mm.<br \/>\nInstalaciones el\u00e9ctricas, plomer\u00eda, colocaci\u00f3n de artefactos, remodelaci\u00f3n, etcInstalaciones el\u00e9ctricas, plomer\u00eda, colocaci\u00f3n de artefactos de ba\u00f1os y cocina, armado de muebles, carpinter\u00eda general.<br \/>\nPerforaciones en serie, armado de carrocer\u00edas, fabricas de aberturas, herrer\u00eda de obra<\/p>\n","protected":false},"excerpt":{"rendered":"<p>Taladro atornilladro compacto con bater\u00edas de 1.5Ah ION-LI 20v Max<br \/>\n*Caja con engranajes met\u00e1licos para una transmisi\u00f3n de energ\u00eda eficiente y mayor vida \u00fatil de la herramienta.<br \/>\n*Luz de LED para mejorar la visibilidad.<br \/>\n*Sistema de percusi\u00f3n mec\u00e1nico para perforar mamposter\u00eda, ladrillo y bloques.<\/p>\n","protected":false},"featured_media":2030,"comment_status":"closed","ping_status":"closed","template":"","meta":[],"product_cat":[69],"product_tag":[],"class_list":["post-2495","product","type-product","status-publish","has-post-thumbnail","hentry","product_cat-dewalt"],"_links":{"self":[{"href":"https:\/\/cormashop.com.mx\/index.php\/wp-json\/wp\/v2\/product\/2495","targetHints":{"allow":["GET"]}}],"collection":[{"href":"https:\/\/cormashop.com.mx\/index.php\/wp-json\/wp\/v2\/product"}],"about":[{"href":"https:\/\/cormashop.com.mx\/index.php\/wp-json\/wp\/v2\/types\/product"}],"replies":[{"embeddable":true,"href":"https:\/\/cormashop.com.mx\/index.php\/wp-json\/wp\/v2\/comments?post=2495"}],"wp:featuredmedia":[{"embeddable":true,"href":"https:\/\/cormashop.com.mx\/index.php\/wp-json\/wp\/v2\/media\/2030"}],"wp:attachment":[{"href":"https:\/\/cormashop.com.mx\/index.php\/wp-json\/wp\/v2\/media?parent=2495"}],"wp:term":[{"taxonomy":"product_cat","embeddable":true,"href":"https:\/\/cormashop.com.mx\/index.php\/wp-json\/wp\/v2\/product_cat?post=2495"},{"taxonomy":"product_tag","embeddable":true,"href":"https:\/\/cormashop.com.mx\/index.php\/wp-json\/wp\/v2\/product_tag?post=2495"}],"curies":[{"name":"wp","href":"https:\/\/api.w.org\/{rel}","templated":true}]}}