{"id":2497,"date":"2022-03-02T17:13:20","date_gmt":"2022-03-02T17:13:20","guid":{"rendered":"https:\/\/cormashop.com.mx\/?post_type=product&#038;p=2497"},"modified":"2025-04-29T19:13:10","modified_gmt":"2025-04-29T19:13:10","slug":"martillo-sds-max-5kg-3-modos","status":"publish","type":"product","link":"https:\/\/cormashop.com.mx\/index.php\/product\/martillo-sds-max-5kg-3-modos\/","title":{"rendered":"MARTILLO SDS MAX 5KG 3 MODOS"},"content":{"rendered":"<p>La energ\u00eda de impacto de 2.4 Joules permite una perforaci\u00f3n r\u00e1pida y un cincelado poderoso.<br \/>\nEl motor de 800Watts es de alto rendimiento y est\u00e1 protegido contra sobrecarga.<br \/>\nLa funci\u00f3n VVR ayuda a remover los tornillos.<br \/>\nEl embrague de f\u00e1brica reduce las reacciones repentinas de alta  torsi\u00f3n si la broca se atasca.<br \/>\nEl mango lateral a 360\u00b0 se ajusta f\u00e1cilmente para preferencia o uso en \u00e1reas estrechas.<br \/>\nSistema de protecci\u00f3n contra polvo \u00fanico que evita la entrada de polvo dentro del mecanismo de percusi\u00f3n.<\/p>\n","protected":false},"excerpt":{"rendered":"<p>La energ\u00eda de impacto de 2.4 Joules permite una perforaci\u00f3n r\u00e1pida y un cincelado poderoso.<br \/>\nEl motor de 800Watts es de alto rendimiento y est\u00e1 protegido contra sobrecarga.<br \/>\nLa funci\u00f3n VVR ayuda a remover los tornillos.<br \/>\nEl embrague de f\u00e1brica reduce las reacciones repentinas de alta  torsi\u00f3n si la broca se atasca.<br \/>\nEl mango lateral a 360\u00b0 se ajusta f\u00e1cilmente para preferencia o uso en \u00e1reas estrechas.<br \/>\nSistema de protecci\u00f3n contra polvo \u00fanico que evita la entrada de polvo dentro del mecanismo de percusi\u00f3n.<\/p>\n","protected":false},"featured_media":2032,"comment_status":"closed","ping_status":"closed","template":"","meta":[],"product_cat":[69],"product_tag":[],"class_list":["post-2497","product","type-product","status-publish","has-post-thumbnail","hentry","product_cat-dewalt"],"_links":{"self":[{"href":"https:\/\/cormashop.com.mx\/index.php\/wp-json\/wp\/v2\/product\/2497","targetHints":{"allow":["GET"]}}],"collection":[{"href":"https:\/\/cormashop.com.mx\/index.php\/wp-json\/wp\/v2\/product"}],"about":[{"href":"https:\/\/cormashop.com.mx\/index.php\/wp-json\/wp\/v2\/types\/product"}],"replies":[{"embeddable":true,"href":"https:\/\/cormashop.com.mx\/index.php\/wp-json\/wp\/v2\/comments?post=2497"}],"wp:featuredmedia":[{"embeddable":true,"href":"https:\/\/cormashop.com.mx\/index.php\/wp-json\/wp\/v2\/media\/2032"}],"wp:attachment":[{"href":"https:\/\/cormashop.com.mx\/index.php\/wp-json\/wp\/v2\/media?parent=2497"}],"wp:term":[{"taxonomy":"product_cat","embeddable":true,"href":"https:\/\/cormashop.com.mx\/index.php\/wp-json\/wp\/v2\/product_cat?post=2497"},{"taxonomy":"product_tag","embeddable":true,"href":"https:\/\/cormashop.com.mx\/index.php\/wp-json\/wp\/v2\/product_tag?post=2497"}],"curies":[{"name":"wp","href":"https:\/\/api.w.org\/{rel}","templated":true}]}}