{"id":2509,"date":"2022-03-02T17:13:21","date_gmt":"2022-03-02T17:13:21","guid":{"rendered":"https:\/\/cormashop.com.mx\/?post_type=product&#038;p=2509"},"modified":"2025-04-29T19:13:09","modified_gmt":"2025-04-29T19:13:09","slug":"router-1-3-4-hp-750w-dewalt","status":"publish","type":"product","link":"https:\/\/cormashop.com.mx\/index.php\/product\/router-1-3-4-hp-750w-dewalt\/","title":{"rendered":"ROUTER 1-3\/4 HP, 750W DEWALT"},"content":{"rendered":"<p>Poderoso motor ofrece la potencia necesaria de rebajar suavemente las maderas m\u00e1s duras.<br \/>\nAnillo de ajuste ultra-fino de la profundidad de corte en incrementos permite cortes exactos.<br \/>\nRebajadora modular de motor y base de acople f\u00e1cil y r\u00e1pido ofrece ajustes de profundidad y cambios de base r\u00e1pido y f\u00e1cil.<br \/>\nCable desmontable de f\u00e1cil mantenimiento.<br \/>\nSub-base con cono de concentricidad asegura centrado perfecto de la fresa para cortes y rebajados exactos y precisos.<br \/>\nSub-base transparente y ultra resistente de LEXAN provee m\u00e1xima durabilidad, visibilidad de la fresa y adem\u00e1s acepta plantillas de corte est\u00e1ndar.<\/p>\n","protected":false},"excerpt":{"rendered":"<p>Poderoso motor ofrece la potencia necesaria de rebajar suavemente las maderas m\u00e1s duras.<br \/>\nAnillo de ajuste ultra-fino de la profundidad de corte en incrementos permite cortes exactos.<br \/>\nRebajadora modular de motor y base de acople f\u00e1cil y r\u00e1pido ofrece ajustes de profundidad y cambios de base r\u00e1pido y f\u00e1cil.<\/p>\n","protected":false},"featured_media":2044,"comment_status":"closed","ping_status":"closed","template":"","meta":[],"product_cat":[69],"product_tag":[],"class_list":["post-2509","product","type-product","status-publish","has-post-thumbnail","hentry","product_cat-dewalt"],"_links":{"self":[{"href":"https:\/\/cormashop.com.mx\/index.php\/wp-json\/wp\/v2\/product\/2509","targetHints":{"allow":["GET"]}}],"collection":[{"href":"https:\/\/cormashop.com.mx\/index.php\/wp-json\/wp\/v2\/product"}],"about":[{"href":"https:\/\/cormashop.com.mx\/index.php\/wp-json\/wp\/v2\/types\/product"}],"replies":[{"embeddable":true,"href":"https:\/\/cormashop.com.mx\/index.php\/wp-json\/wp\/v2\/comments?post=2509"}],"wp:featuredmedia":[{"embeddable":true,"href":"https:\/\/cormashop.com.mx\/index.php\/wp-json\/wp\/v2\/media\/2044"}],"wp:attachment":[{"href":"https:\/\/cormashop.com.mx\/index.php\/wp-json\/wp\/v2\/media?parent=2509"}],"wp:term":[{"taxonomy":"product_cat","embeddable":true,"href":"https:\/\/cormashop.com.mx\/index.php\/wp-json\/wp\/v2\/product_cat?post=2509"},{"taxonomy":"product_tag","embeddable":true,"href":"https:\/\/cormashop.com.mx\/index.php\/wp-json\/wp\/v2\/product_tag?post=2509"}],"curies":[{"name":"wp","href":"https:\/\/api.w.org\/{rel}","templated":true}]}}