{"id":2510,"date":"2022-03-02T17:13:21","date_gmt":"2022-03-02T17:13:21","guid":{"rendered":"https:\/\/cormashop.com.mx\/?post_type=product&#038;p=2510"},"modified":"2025-04-29T19:13:09","modified_gmt":"2025-04-29T19:13:09","slug":"sierra-ingleteadora-10-1650w-4600-rpm","status":"publish","type":"product","link":"https:\/\/cormashop.com.mx\/index.php\/product\/sierra-ingleteadora-10-1650w-4600-rpm\/","title":{"rendered":"SIERRA INGLETEADORA 10&#8243; 1,650W 4,600 RPM"},"content":{"rendered":"<p>Escala de ingletes ajustables en acero inoxidable con 11 paradas prefijadas ofrecen precisi\u00f3n constante y durabilidad.<br \/>\nDise\u00f1o compacto y ligero con el motor situado de forma que facilita su transporte.<br \/>\nPotente motor de 1,600 Watts y 5,000 rpm provee mayor poder y durabilidad.<br \/>\nCompatible con l\u00e1ser dise\u00f1ado para utilizar con sistema de l\u00e1ser ajustable DEWALT\u00ae DW7187 \/ DE7187.<br \/>\nPotencia: 1,600 W<br \/>\nVelocidad sin carga: 5,000 rpm<br \/>\nDi\u00e1metro del disco: 10\u201d<br \/>\nTama\u00f1o de eje: 5\/8\u201d<br \/>\nM\u00e1x. profundidad de corte: 89 mm<br \/>\nPeso de la herramienta: 13.85 kg<\/p>\n","protected":false},"excerpt":{"rendered":"<p>Soporte de gu\u00eda trasera maquinada ofrecen cortes precisos y repetitivos.<br \/>\nMango con seguro de leva ajusta los \u00e1ngulos a inglete m\u00e1s exacto y m\u00e1s r\u00e1pido.<br \/>\nCapacidad de inglete izquierda y derecha 0-52\u00b0 para mayor versatilidad.<br \/>\n\u00c1ngulos de bisel de 3-48\u00b0 aumenta la capacidad de corte.<br \/>\nGu\u00edas deslizantes altas, soporta materiales altos y se quita f\u00e1cilmente en los cortes biselados.<\/p>\n","protected":false},"featured_media":2045,"comment_status":"closed","ping_status":"closed","template":"","meta":[],"product_cat":[69],"product_tag":[],"class_list":["post-2510","product","type-product","status-publish","has-post-thumbnail","hentry","product_cat-dewalt"],"_links":{"self":[{"href":"https:\/\/cormashop.com.mx\/index.php\/wp-json\/wp\/v2\/product\/2510","targetHints":{"allow":["GET"]}}],"collection":[{"href":"https:\/\/cormashop.com.mx\/index.php\/wp-json\/wp\/v2\/product"}],"about":[{"href":"https:\/\/cormashop.com.mx\/index.php\/wp-json\/wp\/v2\/types\/product"}],"replies":[{"embeddable":true,"href":"https:\/\/cormashop.com.mx\/index.php\/wp-json\/wp\/v2\/comments?post=2510"}],"wp:featuredmedia":[{"embeddable":true,"href":"https:\/\/cormashop.com.mx\/index.php\/wp-json\/wp\/v2\/media\/2045"}],"wp:attachment":[{"href":"https:\/\/cormashop.com.mx\/index.php\/wp-json\/wp\/v2\/media?parent=2510"}],"wp:term":[{"taxonomy":"product_cat","embeddable":true,"href":"https:\/\/cormashop.com.mx\/index.php\/wp-json\/wp\/v2\/product_cat?post=2510"},{"taxonomy":"product_tag","embeddable":true,"href":"https:\/\/cormashop.com.mx\/index.php\/wp-json\/wp\/v2\/product_tag?post=2510"}],"curies":[{"name":"wp","href":"https:\/\/api.w.org\/{rel}","templated":true}]}}