{"id":2511,"date":"2022-03-02T17:13:21","date_gmt":"2022-03-02T17:13:21","guid":{"rendered":"https:\/\/cormashop.com.mx\/?post_type=product&#038;p=2511"},"modified":"2025-04-29T19:13:09","modified_gmt":"2025-04-29T19:13:09","slug":"disco-sierra-carburo-p-madera-8-5-x-60d","status":"publish","type":"product","link":"https:\/\/cormashop.com.mx\/index.php\/product\/disco-sierra-carburo-p-madera-8-5-x-60d\/","title":{"rendered":"DISCO SIERRA CARBURO P\/MADERA 8.5&#8243; X 60D"},"content":{"rendered":"<p>&#8220;Fabricado con carburo con bordes cortantes que reducen el astillado.<br \/>\nEquilibrado de precisi\u00f3n proporciona cortes extremadamente precisos.<br \/>\nTecnolog\u00eda exclusiva reduce la vibraci\u00f3n para mejorar la precisi\u00f3n de corte.<br \/>\nAcabado resistente reduce el calor y la fricci\u00f3n para aumentar la vida de la hoja.&#8221;<\/p>\n","protected":false},"excerpt":{"rendered":"<p>Fabricado con carburo con bordes cortantes que reducen el astillado.<br \/>\nEquilibrado de precisi\u00f3n proporciona cortes extremadamente precisos.<br \/>\nTecnolog\u00eda exclusiva reduce la vibraci\u00f3n para mejorar la precisi\u00f3n de corte.<br \/>\nAcabado resistente reduce el calor y la fricci\u00f3n para aumentar la vida de la hoja.<\/p>\n","protected":false},"featured_media":2046,"comment_status":"closed","ping_status":"closed","template":"","meta":[],"product_cat":[69],"product_tag":[],"class_list":["post-2511","product","type-product","status-publish","has-post-thumbnail","hentry","product_cat-dewalt"],"_links":{"self":[{"href":"https:\/\/cormashop.com.mx\/index.php\/wp-json\/wp\/v2\/product\/2511","targetHints":{"allow":["GET"]}}],"collection":[{"href":"https:\/\/cormashop.com.mx\/index.php\/wp-json\/wp\/v2\/product"}],"about":[{"href":"https:\/\/cormashop.com.mx\/index.php\/wp-json\/wp\/v2\/types\/product"}],"replies":[{"embeddable":true,"href":"https:\/\/cormashop.com.mx\/index.php\/wp-json\/wp\/v2\/comments?post=2511"}],"wp:featuredmedia":[{"embeddable":true,"href":"https:\/\/cormashop.com.mx\/index.php\/wp-json\/wp\/v2\/media\/2046"}],"wp:attachment":[{"href":"https:\/\/cormashop.com.mx\/index.php\/wp-json\/wp\/v2\/media?parent=2511"}],"wp:term":[{"taxonomy":"product_cat","embeddable":true,"href":"https:\/\/cormashop.com.mx\/index.php\/wp-json\/wp\/v2\/product_cat?post=2511"},{"taxonomy":"product_tag","embeddable":true,"href":"https:\/\/cormashop.com.mx\/index.php\/wp-json\/wp\/v2\/product_tag?post=2511"}],"curies":[{"name":"wp","href":"https:\/\/api.w.org\/{rel}","templated":true}]}}