{"id":2512,"date":"2022-03-02T17:13:21","date_gmt":"2022-03-02T17:13:21","guid":{"rendered":"https:\/\/cormashop.com.mx\/?post_type=product&#038;p=2512"},"modified":"2025-04-29T19:13:09","modified_gmt":"2025-04-29T19:13:09","slug":"disco-plano-14x7-64x1-mayor-duracion","status":"publish","type":"product","link":"https:\/\/cormashop.com.mx\/index.php\/product\/disco-plano-14x7-64x1-mayor-duracion\/","title":{"rendered":"DISCO PLANO 14&#8243;X7\/64&#8243;X1&#8243; MAYOR DURACION"},"content":{"rendered":"<p>&#8220;Resina fen\u00f3lica de la mejor calidad, 2 mallas de fibra de vidrio externas en cada disco, distribuci\u00f3n uniforme de granos 100% v\u00edrgenes de gran rendimiento, m\u00e1s granos abrasivos por disco, discos m\u00e1s densos y menos porosos, sistema de granos activos.<br \/>\nCortes de prop\u00f3sitos general en acero hasta 1\/4&#8243;&#8221; de espesor.<br \/>\nDi\u00e1metro de 14&#8243;&#8221;<br \/>\nEspesor de 3mm<br \/>\nEje de 1&#8243;&#8221;<br \/>\nPara uso en metales gruesos&#8221;<\/p>\n","protected":false},"excerpt":{"rendered":"<p>Resina fen\u00f3lica de la mejor calidad, 2 mallas de fibra de vidrio externas en cada disco, distribuci\u00f3n uniforme de granos 100% v\u00edrgenes de gran rendimiento, m\u00e1s granos abrasivos por disco, discos m\u00e1s densos y menos porosos, sistema de granos activos.<br \/>\nCortes de prop\u00f3sitos general en acero hasta 1\/4&#8243; de espesor.<br \/>\nDi\u00e1metro de 14&#8243;<br \/>\nEspesor de 3mm<br \/>\nEje de 1&#8243;<br \/>\nPara uso en metales gruesos<\/p>\n","protected":false},"featured_media":2047,"comment_status":"closed","ping_status":"closed","template":"","meta":[],"product_cat":[69],"product_tag":[],"class_list":["post-2512","product","type-product","status-publish","has-post-thumbnail","hentry","product_cat-dewalt"],"_links":{"self":[{"href":"https:\/\/cormashop.com.mx\/index.php\/wp-json\/wp\/v2\/product\/2512","targetHints":{"allow":["GET"]}}],"collection":[{"href":"https:\/\/cormashop.com.mx\/index.php\/wp-json\/wp\/v2\/product"}],"about":[{"href":"https:\/\/cormashop.com.mx\/index.php\/wp-json\/wp\/v2\/types\/product"}],"replies":[{"embeddable":true,"href":"https:\/\/cormashop.com.mx\/index.php\/wp-json\/wp\/v2\/comments?post=2512"}],"wp:featuredmedia":[{"embeddable":true,"href":"https:\/\/cormashop.com.mx\/index.php\/wp-json\/wp\/v2\/media\/2047"}],"wp:attachment":[{"href":"https:\/\/cormashop.com.mx\/index.php\/wp-json\/wp\/v2\/media?parent=2512"}],"wp:term":[{"taxonomy":"product_cat","embeddable":true,"href":"https:\/\/cormashop.com.mx\/index.php\/wp-json\/wp\/v2\/product_cat?post=2512"},{"taxonomy":"product_tag","embeddable":true,"href":"https:\/\/cormashop.com.mx\/index.php\/wp-json\/wp\/v2\/product_tag?post=2512"}],"curies":[{"name":"wp","href":"https:\/\/api.w.org\/{rel}","templated":true}]}}