{"id":2525,"date":"2022-03-02T17:13:22","date_gmt":"2022-03-02T17:13:22","guid":{"rendered":"https:\/\/cormashop.com.mx\/?post_type=product&#038;p=2525"},"modified":"2025-04-29T19:13:08","modified_gmt":"2025-04-29T19:13:08","slug":"maleta-de-herramientas-de-28-c-ruedas","status":"publish","type":"product","link":"https:\/\/cormashop.com.mx\/index.php\/product\/maleta-de-herramientas-de-28-c-ruedas\/","title":{"rendered":"MALETA DE HERRAMIENTAS DE 28&#8243; C\/RUEDAS"},"content":{"rendered":"<p>Caja de herramientas con ruedas. La caja de herramientas de 28 pulg tiene ruedas, un mango telesc\u00f3pico y un asa de transporte, y ofrece un gran compartimiento de almacenamiento ideal para transportar art\u00edculos medianos a grandes e incluye una bandeja interior port\u00e1til para objetos m\u00e1s peque\u00f1os. Tiene una clasificaci\u00f3n de resistencia al agua y al polvo IP54 pestillos met\u00e1licos anti\u00f3xido para protegerlo de los elementos.<br \/>\nCuerpo de espuma estructural con un sello de agua completo para resistencia al agua y al polvo<br \/>\nCapacidad de carga 36kg<br \/>\nAsa telecopica<br \/>\nDimensiones 70cm x 31 cm x 29.7cm<\/p>\n","protected":false},"excerpt":{"rendered":"<p>Caja de herramientas con ruedas. La caja de herramientas de 28 pulg tiene ruedas, un mango telesc\u00f3pico y un asa de transporte, y ofrece un gran compartimiento de almacenamiento ideal para transportar art\u00edculos medianos a grandes e incluye una bandeja interior port\u00e1til para objetos m\u00e1s peque\u00f1os. Tiene una clasificaci\u00f3n de resistencia al agua y al&hellip;<\/p>\n","protected":false},"featured_media":2060,"comment_status":"closed","ping_status":"closed","template":"","meta":[],"product_cat":[69],"product_tag":[],"class_list":["post-2525","product","type-product","status-publish","has-post-thumbnail","hentry","product_cat-dewalt"],"_links":{"self":[{"href":"https:\/\/cormashop.com.mx\/index.php\/wp-json\/wp\/v2\/product\/2525","targetHints":{"allow":["GET"]}}],"collection":[{"href":"https:\/\/cormashop.com.mx\/index.php\/wp-json\/wp\/v2\/product"}],"about":[{"href":"https:\/\/cormashop.com.mx\/index.php\/wp-json\/wp\/v2\/types\/product"}],"replies":[{"embeddable":true,"href":"https:\/\/cormashop.com.mx\/index.php\/wp-json\/wp\/v2\/comments?post=2525"}],"wp:featuredmedia":[{"embeddable":true,"href":"https:\/\/cormashop.com.mx\/index.php\/wp-json\/wp\/v2\/media\/2060"}],"wp:attachment":[{"href":"https:\/\/cormashop.com.mx\/index.php\/wp-json\/wp\/v2\/media?parent=2525"}],"wp:term":[{"taxonomy":"product_cat","embeddable":true,"href":"https:\/\/cormashop.com.mx\/index.php\/wp-json\/wp\/v2\/product_cat?post=2525"},{"taxonomy":"product_tag","embeddable":true,"href":"https:\/\/cormashop.com.mx\/index.php\/wp-json\/wp\/v2\/product_tag?post=2525"}],"curies":[{"name":"wp","href":"https:\/\/api.w.org\/{rel}","templated":true}]}}