{"id":2531,"date":"2022-03-02T17:13:30","date_gmt":"2022-03-02T17:13:30","guid":{"rendered":"https:\/\/cormashop.com.mx\/?post_type=product&#038;p=2531"},"modified":"2025-04-29T19:13:08","modified_gmt":"2025-04-29T19:13:08","slug":"hidrolavadora-1300w-1595-psi-bomba-de-a","status":"publish","type":"product","link":"https:\/\/cormashop.com.mx\/index.php\/product\/hidrolavadora-1300w-1595-psi-bomba-de-a\/","title":{"rendered":"HIDROLAVADORA 1300W 1595 PSI  BOMBA DE A"},"content":{"rendered":"<p>Su manguera brinda un alcance de hasta 5 metros, y cuenta con una manija para manipularla, adem\u00e1s de aditamentos para almacenar los accesorios: manguera, pistola y lanza ajustable. <\/p>\n<p>Incluye un filtro de entrada de agua, que alarga grandiosamente la vida \u00fatil de tu hidro, adem\u00e1s de una acci\u00f3n llamada &#8220;paro autom\u00e1tico&#8221;, para evitar accidentes y cortar de tajo el flujo de agua. \u00a1Sensacional! <\/p>\n<p>Potencia: 1300W<br \/>\nPresi\u00f3n: 1450 PSI<br \/>\nPresi\u00f3n de trabajo: 100 bar<br \/>\nLargo de manguera: 3 m<br \/>\nDi\u00e1metro de manguera: 1\/4&#8221;<br \/>\nBomba: Aluminio<br \/>\nRuedas para f\u00e1cil transportaci\u00f3n.<br \/>\nLigera y compacta, permite al usuario moverla con facilidad.<br \/>\nAlmacenaje de lanza.<br \/>\nManija larga para mayor comodidad.<br \/>\nTipo de motor: Universal.<\/p>\n","protected":false},"excerpt":{"rendered":"<p>Las superficies se mantienen radiantes, mientras tu ahorras mucho m\u00e1s del vital l\u00edquido, todo esto con tu nueva hidrolavadora Black + Decker PW1370TD-B3. <\/p>\n<p>Este es un art\u00edculo que merece estar en todos los hogares, pues cuenta con PSI de 1450, un flujo de agua de 360 l \/ h, adem\u00e1s de contar con una presi\u00f3n de trabajo de 100. <\/p>\n","protected":false},"featured_media":2066,"comment_status":"closed","ping_status":"closed","template":"","meta":[],"product_cat":[80],"product_tag":[],"class_list":["post-2531","product","type-product","status-publish","has-post-thumbnail","hentry","product_cat-black-decker-2"],"_links":{"self":[{"href":"https:\/\/cormashop.com.mx\/index.php\/wp-json\/wp\/v2\/product\/2531","targetHints":{"allow":["GET"]}}],"collection":[{"href":"https:\/\/cormashop.com.mx\/index.php\/wp-json\/wp\/v2\/product"}],"about":[{"href":"https:\/\/cormashop.com.mx\/index.php\/wp-json\/wp\/v2\/types\/product"}],"replies":[{"embeddable":true,"href":"https:\/\/cormashop.com.mx\/index.php\/wp-json\/wp\/v2\/comments?post=2531"}],"wp:featuredmedia":[{"embeddable":true,"href":"https:\/\/cormashop.com.mx\/index.php\/wp-json\/wp\/v2\/media\/2066"}],"wp:attachment":[{"href":"https:\/\/cormashop.com.mx\/index.php\/wp-json\/wp\/v2\/media?parent=2531"}],"wp:term":[{"taxonomy":"product_cat","embeddable":true,"href":"https:\/\/cormashop.com.mx\/index.php\/wp-json\/wp\/v2\/product_cat?post=2531"},{"taxonomy":"product_tag","embeddable":true,"href":"https:\/\/cormashop.com.mx\/index.php\/wp-json\/wp\/v2\/product_tag?post=2531"}],"curies":[{"name":"wp","href":"https:\/\/api.w.org\/{rel}","templated":true}]}}