{"id":2535,"date":"2022-03-02T17:13:30","date_gmt":"2022-03-02T17:13:30","guid":{"rendered":"https:\/\/cormashop.com.mx\/?post_type=product&#038;p=2535"},"modified":"2025-04-29T19:13:08","modified_gmt":"2025-04-29T19:13:08","slug":"router-1200w-velocidad-variable-8000-270","status":"publish","type":"product","link":"https:\/\/cormashop.com.mx\/index.php\/product\/router-1200w-velocidad-variable-8000-270\/","title":{"rendered":"ROUTER 1200W VELOCIDAD VARIABLE 8000-270"},"content":{"rendered":"","protected":false},"excerpt":{"rendered":"<p>Rebajadora, HP 1-1\/3, Amperes 10, Voltaje 120, RPM sin Carga 8000 a 27,000 rpm, Fuente de Poder CA, Longitud de la Herramienta (pulg.) 11-13\/16, Ancho Total (pulg.) 6-57\/64, Peso de la Herramienta (lb.) 11.02, Cable 8 pies, Interruptor Bot\u00f3n, Mango Dos Mangos, Tipo de Velocidad Variable, Caracter\u00edsticas Ajuste de Altura Macro, Configuraciones de Profundidad, Protecci\u00f3n Sobrecargada, Suave.<\/p>\n","protected":false},"featured_media":2070,"comment_status":"closed","ping_status":"closed","template":"","meta":[],"product_cat":[68],"product_tag":[],"class_list":["post-2535","product","type-product","status-publish","has-post-thumbnail","hentry","product_cat-stanley"],"_links":{"self":[{"href":"https:\/\/cormashop.com.mx\/index.php\/wp-json\/wp\/v2\/product\/2535","targetHints":{"allow":["GET"]}}],"collection":[{"href":"https:\/\/cormashop.com.mx\/index.php\/wp-json\/wp\/v2\/product"}],"about":[{"href":"https:\/\/cormashop.com.mx\/index.php\/wp-json\/wp\/v2\/types\/product"}],"replies":[{"embeddable":true,"href":"https:\/\/cormashop.com.mx\/index.php\/wp-json\/wp\/v2\/comments?post=2535"}],"wp:featuredmedia":[{"embeddable":true,"href":"https:\/\/cormashop.com.mx\/index.php\/wp-json\/wp\/v2\/media\/2070"}],"wp:attachment":[{"href":"https:\/\/cormashop.com.mx\/index.php\/wp-json\/wp\/v2\/media?parent=2535"}],"wp:term":[{"taxonomy":"product_cat","embeddable":true,"href":"https:\/\/cormashop.com.mx\/index.php\/wp-json\/wp\/v2\/product_cat?post=2535"},{"taxonomy":"product_tag","embeddable":true,"href":"https:\/\/cormashop.com.mx\/index.php\/wp-json\/wp\/v2\/product_tag?post=2535"}],"curies":[{"name":"wp","href":"https:\/\/api.w.org\/{rel}","templated":true}]}}