{"id":2550,"date":"2022-03-02T17:13:31","date_gmt":"2022-03-02T17:13:31","guid":{"rendered":"https:\/\/cormashop.com.mx\/?post_type=product&#038;p=2550"},"modified":"2025-04-29T19:13:07","modified_gmt":"2025-04-29T19:13:07","slug":"nivelador-laser-multilinea-cross-90-fg","status":"publish","type":"product","link":"https:\/\/cormashop.com.mx\/index.php\/product\/nivelador-laser-multilinea-cross-90-fg\/","title":{"rendered":"NIVELADOR L\u00c1SER MULTIL\u00cdNEA CROSS 90 FG"},"content":{"rendered":"<p>L\u00e1ser clase 2<br \/>\n\u00cdndice de protecci\u00f3n (IP) 50 contra polvo y salpicaduras de agua<br \/>\nAutonivelante<br \/>\nPrecisi\u00f3n 3\/16 \u201c pulgadas (4 mm) a 30 pies<\/p>\n","protected":false},"excerpt":{"rendered":"<p>L\u00ednea vertical de 100 grados, l\u00edneas horizontales y l\u00ednea vertical adicional de 90 grados<br \/>\nP\u00e9ndulo de bloqueo<br \/>\nInterruptor de bloqueo de 3 posiciones con modo manual<br \/>\nSoporte abrazadera r\u00e1pida extra\u00edble<br \/>\nMontaje para uso con tr\u00edpode<br \/>\nPanel de control t\u00e1ctil<br \/>\nRecubierta sobremoldeada<br \/>\nBolsa protectora<\/p>\n","protected":false},"featured_media":2085,"comment_status":"closed","ping_status":"closed","template":"","meta":[],"product_cat":[68],"product_tag":[],"class_list":["post-2550","product","type-product","status-publish","has-post-thumbnail","hentry","product_cat-stanley"],"_links":{"self":[{"href":"https:\/\/cormashop.com.mx\/index.php\/wp-json\/wp\/v2\/product\/2550","targetHints":{"allow":["GET"]}}],"collection":[{"href":"https:\/\/cormashop.com.mx\/index.php\/wp-json\/wp\/v2\/product"}],"about":[{"href":"https:\/\/cormashop.com.mx\/index.php\/wp-json\/wp\/v2\/types\/product"}],"replies":[{"embeddable":true,"href":"https:\/\/cormashop.com.mx\/index.php\/wp-json\/wp\/v2\/comments?post=2550"}],"wp:featuredmedia":[{"embeddable":true,"href":"https:\/\/cormashop.com.mx\/index.php\/wp-json\/wp\/v2\/media\/2085"}],"wp:attachment":[{"href":"https:\/\/cormashop.com.mx\/index.php\/wp-json\/wp\/v2\/media?parent=2550"}],"wp:term":[{"taxonomy":"product_cat","embeddable":true,"href":"https:\/\/cormashop.com.mx\/index.php\/wp-json\/wp\/v2\/product_cat?post=2550"},{"taxonomy":"product_tag","embeddable":true,"href":"https:\/\/cormashop.com.mx\/index.php\/wp-json\/wp\/v2\/product_tag?post=2550"}],"curies":[{"name":"wp","href":"https:\/\/api.w.org\/{rel}","templated":true}]}}