{"id":2553,"date":"2022-03-02T17:13:31","date_gmt":"2022-03-02T17:13:31","guid":{"rendered":"https:\/\/cormashop.com.mx\/?post_type=product&#038;p=2553"},"modified":"2025-04-29T19:13:07","modified_gmt":"2025-04-29T19:13:07","slug":"nivelador-laser-multilinea-360","status":"publish","type":"product","link":"https:\/\/cormashop.com.mx\/index.php\/product\/nivelador-laser-multilinea-360\/","title":{"rendered":"NIVELADOR L\u00c1SER MULTIL\u00cdNEA 360"},"content":{"rendered":"<p>Grado de protecci\u00f3n IP54 contra polvi y salpicadura de agua<br \/>\nBi-material- goma+ pl\u00e1stico<br \/>\nL\u00e1ser clase 2<\/p>\n","protected":false},"excerpt":{"rendered":"<p>Permite alinear las 4 esquinas de un \u00e1rea entera, haciendo m\u00e1s en menos tiempo<br \/>\nProtecci\u00f3n probada para resistir ca\u00eddas y golpes<br \/>\n1 L\u00ednea horizontal 4 l\u00edneas verticales<br \/>\nBase totalmente met\u00e1lica<br \/>\nLas m\u00faltiples l\u00edneas de l\u00e1ser y la funci\u00f3n de plomado permiten la marcaci\u00f3n de puntos con eficiencia y precisi\u00f3n<br \/>\nSus 4 l\u00edneas verticales y 1 horizontal le permiten trabajar en varias superficies a la vez<br \/>\nPara uso en interiores<\/p>\n","protected":false},"featured_media":2088,"comment_status":"closed","ping_status":"closed","template":"","meta":[],"product_cat":[68],"product_tag":[],"class_list":["post-2553","product","type-product","status-publish","has-post-thumbnail","hentry","product_cat-stanley"],"_links":{"self":[{"href":"https:\/\/cormashop.com.mx\/index.php\/wp-json\/wp\/v2\/product\/2553","targetHints":{"allow":["GET"]}}],"collection":[{"href":"https:\/\/cormashop.com.mx\/index.php\/wp-json\/wp\/v2\/product"}],"about":[{"href":"https:\/\/cormashop.com.mx\/index.php\/wp-json\/wp\/v2\/types\/product"}],"replies":[{"embeddable":true,"href":"https:\/\/cormashop.com.mx\/index.php\/wp-json\/wp\/v2\/comments?post=2553"}],"wp:featuredmedia":[{"embeddable":true,"href":"https:\/\/cormashop.com.mx\/index.php\/wp-json\/wp\/v2\/media\/2088"}],"wp:attachment":[{"href":"https:\/\/cormashop.com.mx\/index.php\/wp-json\/wp\/v2\/media?parent=2553"}],"wp:term":[{"taxonomy":"product_cat","embeddable":true,"href":"https:\/\/cormashop.com.mx\/index.php\/wp-json\/wp\/v2\/product_cat?post=2553"},{"taxonomy":"product_tag","embeddable":true,"href":"https:\/\/cormashop.com.mx\/index.php\/wp-json\/wp\/v2\/product_tag?post=2553"}],"curies":[{"name":"wp","href":"https:\/\/api.w.org\/{rel}","templated":true}]}}