{"id":2555,"date":"2022-03-02T17:13:32","date_gmt":"2022-03-02T17:13:32","guid":{"rendered":"https:\/\/cormashop.com.mx\/?post_type=product&#038;p=2555"},"modified":"2025-04-29T19:13:06","modified_gmt":"2025-04-29T19:13:06","slug":"click-connect-combo-caja-y-organizador","status":"publish","type":"product","link":"https:\/\/cormashop.com.mx\/index.php\/product\/click-connect-combo-caja-y-organizador\/","title":{"rendered":"CLICK &#038; CONNECT COMBO CAJA Y ORGANIZADOR"},"content":{"rendered":"","protected":false},"excerpt":{"rendered":"<p>Altura: 9.6&#8221; (243.84 mm)<br \/>\nAncho: 12.3&#8221; (312.42 mm)<br \/>\nTiene divisores extra\u00edbles para la organizaci\u00f3n personalizada de herramientas y piezas.<br \/>\nLa forma \u00fanica permite un f\u00e1cil acceso a herramientas manuales y el\u00e9ctricas.<br \/>\nLa operaci\u00f3n de cierre de 1 mano permite la f\u00e1cil conexi\u00f3n y funcionalidad de desprendimiento.<br \/>\nPlataforma flexible, divisores extra\u00edbles para organizaci\u00f3n personalizada de herramientas y piezas.<br \/>\nForma y proporciones \u00fanicas., para f\u00e1cil acceso a herramientas.<br \/>\nOrganizador de tapa extra\u00edble con pestillos laterales, para piezas peque\u00f1as y accesorios.<br \/>\nFuncionamiento de pestillo desmontable con 1 mano.<\/p>\n","protected":false},"featured_media":2090,"comment_status":"closed","ping_status":"closed","template":"","meta":[],"product_cat":[68],"product_tag":[],"class_list":["post-2555","product","type-product","status-publish","has-post-thumbnail","hentry","product_cat-stanley"],"_links":{"self":[{"href":"https:\/\/cormashop.com.mx\/index.php\/wp-json\/wp\/v2\/product\/2555","targetHints":{"allow":["GET"]}}],"collection":[{"href":"https:\/\/cormashop.com.mx\/index.php\/wp-json\/wp\/v2\/product"}],"about":[{"href":"https:\/\/cormashop.com.mx\/index.php\/wp-json\/wp\/v2\/types\/product"}],"replies":[{"embeddable":true,"href":"https:\/\/cormashop.com.mx\/index.php\/wp-json\/wp\/v2\/comments?post=2555"}],"wp:featuredmedia":[{"embeddable":true,"href":"https:\/\/cormashop.com.mx\/index.php\/wp-json\/wp\/v2\/media\/2090"}],"wp:attachment":[{"href":"https:\/\/cormashop.com.mx\/index.php\/wp-json\/wp\/v2\/media?parent=2555"}],"wp:term":[{"taxonomy":"product_cat","embeddable":true,"href":"https:\/\/cormashop.com.mx\/index.php\/wp-json\/wp\/v2\/product_cat?post=2555"},{"taxonomy":"product_tag","embeddable":true,"href":"https:\/\/cormashop.com.mx\/index.php\/wp-json\/wp\/v2\/product_tag?post=2555"}],"curies":[{"name":"wp","href":"https:\/\/api.w.org\/{rel}","templated":true}]}}