{"id":2561,"date":"2022-03-23T19:17:51","date_gmt":"2022-03-23T19:17:51","guid":{"rendered":"https:\/\/cormashop.com.mx\/?post_type=product&#038;p=2561"},"modified":"2025-04-29T19:13:06","modified_gmt":"2025-04-29T19:13:06","slug":"respirador-9205-3m-aura-n95","status":"publish","type":"product","link":"https:\/\/cormashop.com.mx\/index.php\/product\/respirador-9205-3m-aura-n95\/","title":{"rendered":"Respirador 9205+ 3M\u2122 Aura\u2122, N95."},"content":{"rendered":"<ul class=\"MMM--pdpList SNAPS--bullets\">\n<li>Aprobado por NIOSH: eficiencia m\u00ednima de filtraci\u00f3n de 95% contra part\u00edculas sin aceite<\/li>\n<li>Ayuda a redirigir el aire exhalado reduciendo as\u00ed el empa\u00f1amiento de los lentes<\/li>\n<li>El dise\u00f1o de bajo perfil curvo se adapta a los contornos de la nariz y los ojos, lo que permite m\u00e1s espacio para los lentes<\/li>\n<li>El dise\u00f1o de pliegue horizontal y el empaque individual permiten un f\u00e1cil almacenamiento y portabilidad<\/li>\n<li>Innovadora pesta\u00f1a en el ment\u00f3n dise\u00f1ada para facilitar el posicionamiento, la colocaci\u00f3n y el ajuste<\/li>\n<li>Material interior suave<\/li>\n<li>Clip nasal ajustable ayuda a proporcionar un ajuste personalizado y sellado seguro<\/li>\n<li>Compatible con una variedad de lentes<\/li>\n<li>Patentado. Mire 3M.com\/patent<\/li>\n<\/ul>\n<p class=\"SNAPS--pdpTabDes\">El Respirador para Part\u00edculas 3M\u2122 Aura\u2122 9205+, N95 es un respirador desechable de pliegue horizontal y de tres paneles que est\u00e1 dise\u00f1ado para ayudar a proporcionar protecci\u00f3n c\u00f3moda y confiable al trabajador contra part\u00edculas sin base aceite.<\/p>\n<p class=\"SNAPS--pdpTabDes\">El Respirador para Part\u00edculas 3M\u2122 Aura\u2122 9205+, N95 ayuda a proporcionar una eficiencia de filtraci\u00f3n m\u00ednima de 95% contra ciertas part\u00edculas sin base aceite. El dise\u00f1o liviano de tres paneles ayuda a brindar protecci\u00f3n respiratoria confiable, conveniente y de calidad. 3M utiliza una variedad de tecnolog\u00edas innovadores y caracter\u00edsticas que le ayudar\u00e1n a satisfacer sus necesidades de protecci\u00f3n respiratoria y confort. El medio filtrante patentado de 3M, Medio Electrost\u00e1tico Avanzado, filtra polvo y otras part\u00edculas, al tiempo que permiten una respiraci\u00f3n m\u00e1s f\u00e1cil. El material interior suave proporciona mayor comodidad mientras que la suave espuma nasal y el clip ajustable ayudan a proporcionar un sellado personalizado. Las caracter\u00edsticas \u00fanicas de los respiradores para part\u00edculas de la serie Aura\u2122 incluyen: panel nasal esculpido que sigue el contorno de la nariz y permite m\u00e1s espacio para los lentes, panel superior en relieve dise\u00f1ado para reducir el empa\u00f1amiento de los lentes debido al aire caluroso y h\u00famedo exhalado, y la innovadora pesta\u00f1a en el ment\u00f3n, dise\u00f1ada para facilitar el posicionamiento, la colocaci\u00f3n y el ajuste. Estas caracter\u00edsticas est\u00e1n dise\u00f1adas para ayudar a mejorar la comodidad del usuario. El dise\u00f1o exclusivo de pliegue horizontal de tres paneles es resistente al colapso y el empaque individual permite un almacenamiento m\u00e1s f\u00e1cil antes de su uso. Aplicaciones sugeridas: esmerilado, lijado, barrido, embolsado y otras operaciones polvorientas. Tambi\u00e9n se puede usar para ayudar a reducir la inhalaci\u00f3n de ciertas part\u00edculas biol\u00f3gicas presentes en el aire como moho, Bacillus anthracis, Mycobacterium tuberbulosis, etc. Algunos ejemplos de aplicaciones incluyen planificaci\u00f3n de la preparaci\u00f3n para emergencias o pandemias, reservas estrat\u00e9gicas, etc. ADVERTENCIA: Estos respiradores ayudan a reducir la exposici\u00f3n a ciertos contaminantes presentes en el aire. Antes de su uso, el usuario debe leer y comprender las instrucciones de uso que se proporcionan con el producto. En Estados Unidos, se debe implementar un programa escrito de protecci\u00f3n respiratoria que cumpla con todos los requisitos de la OSHA 1910.134, incluidas las pruebas de ajuste, capacitaci\u00f3n y evaluaci\u00f3n m\u00e9dica. En Canad\u00e1, se debe cumplir con los requisitos de la CSA Z94.4 o los requisitos de la jurisdicci\u00f3n aplicable, seg\u00fan corresponda. El uso inapropiado puede resultar en enfermedad o muerte. Para un uso adecuado, consulte las instrucciones del empaque, a su supervisor o llame al Servicio T\u00e9cnico de 3M\u2122.<\/p>\n","protected":false},"excerpt":{"rendered":"<ul class=\"MMM--pdpList SNAPS--bullets js--bnftsPdPList\">\n<li>Aprobado por NIOSH: eficiencia m\u00ednima de filtraci\u00f3n de 95% contra part\u00edculas sin aceite<\/li>\n<li>Ayuda a redirigir el aire exhalado reduciendo as\u00ed el empa\u00f1amiento de los lentes<\/li>\n<li>El dise\u00f1o de bajo perfil curvo se adapta a los contornos de la nariz y los ojos, lo que permite m\u00e1s espacio para los lentes<\/li>\n<li>El dise\u00f1o de pliegue horizontal y el empaque individual permiten un f\u00e1cil almacenamiento y portabilidad.<\/li>\n<\/ul>\n","protected":false},"featured_media":2563,"comment_status":"open","ping_status":"closed","template":"","meta":[],"product_cat":[67],"product_tag":[],"class_list":["post-2561","product","type-product","status-publish","has-post-thumbnail","hentry","product_cat-3m"],"_links":{"self":[{"href":"https:\/\/cormashop.com.mx\/index.php\/wp-json\/wp\/v2\/product\/2561","targetHints":{"allow":["GET"]}}],"collection":[{"href":"https:\/\/cormashop.com.mx\/index.php\/wp-json\/wp\/v2\/product"}],"about":[{"href":"https:\/\/cormashop.com.mx\/index.php\/wp-json\/wp\/v2\/types\/product"}],"replies":[{"embeddable":true,"href":"https:\/\/cormashop.com.mx\/index.php\/wp-json\/wp\/v2\/comments?post=2561"}],"wp:featuredmedia":[{"embeddable":true,"href":"https:\/\/cormashop.com.mx\/index.php\/wp-json\/wp\/v2\/media\/2563"}],"wp:attachment":[{"href":"https:\/\/cormashop.com.mx\/index.php\/wp-json\/wp\/v2\/media?parent=2561"}],"wp:term":[{"taxonomy":"product_cat","embeddable":true,"href":"https:\/\/cormashop.com.mx\/index.php\/wp-json\/wp\/v2\/product_cat?post=2561"},{"taxonomy":"product_tag","embeddable":true,"href":"https:\/\/cormashop.com.mx\/index.php\/wp-json\/wp\/v2\/product_tag?post=2561"}],"curies":[{"name":"wp","href":"https:\/\/api.w.org\/{rel}","templated":true}]}}