{"id":2566,"date":"2022-03-23T19:26:52","date_gmt":"2022-03-23T19:26:52","guid":{"rendered":"https:\/\/cormashop.com.mx\/?post_type=product&#038;p=2566"},"modified":"2025-04-29T19:13:06","modified_gmt":"2025-04-29T19:13:06","slug":"3m-9010-respirador-plegable-n95-con-empaque-individual-con-aprobacion-niosh","status":"publish","type":"product","link":"https:\/\/cormashop.com.mx\/index.php\/product\/3m-9010-respirador-plegable-n95-con-empaque-individual-con-aprobacion-niosh\/","title":{"rendered":"3M-9010 RESPIRADOR PLEGABLE, N95, CON EMPAQUE INDIVIDUAL, CON APROBACI\u00d3N NIOSH."},"content":{"rendered":"<p>Respirador desechable plegable 3M, con empaque individual, N95, 9010 aprobado por NIOSH contra Part\u00edculas Libres de Aceite que ofrece una respiraci\u00f3n m\u00e1s f\u00e1cil, fresca y confortable, cuenta con clip de aluminio ajustable a la nariz.Aprobaci\u00f3n NIOSH<br \/>\nRespirador Desechable para Part\u00edculas Libres de Aceite<br \/>\nClip de aluminio ajustable a la nariz<br \/>\nOfrece una respiraci\u00f3n m\u00e1s f\u00e1cil, fresca y confortable<br \/>\nPr\u00e1ctico empaque individual resellable, para transportarlo sin contaminaci\u00f3n<br \/>\nSKU: MT900168303<\/p>\n","protected":false},"excerpt":{"rendered":"<p>Respirador desechable plegable 3M, con empaque individual, N95, 9010 aprobado por NIOSH contra Part\u00edculas Libres de Aceite que ofrece una respiraci\u00f3n m\u00e1s f\u00e1cil, fresca y confortable, cuenta con clip de aluminio ajustable a la nariz.Aprobaci\u00f3n NIOSH<br \/>\nRespirador Desechable para Part\u00edculas Libres de Aceite<br \/>\nClip de aluminio ajustable a la nariz<br \/>\nOfrece una respiraci\u00f3n m\u00e1s f\u00e1cil, fresca y confortable<br \/>\nPr\u00e1ctico empaque individual resellable, para transportarlo sin contaminaci\u00f3n<br \/>\nSKU: MT900168303.<\/p>\n","protected":false},"featured_media":2568,"comment_status":"open","ping_status":"closed","template":"","meta":[],"product_cat":[67],"product_tag":[],"class_list":["post-2566","product","type-product","status-publish","has-post-thumbnail","hentry","product_cat-3m"],"_links":{"self":[{"href":"https:\/\/cormashop.com.mx\/index.php\/wp-json\/wp\/v2\/product\/2566","targetHints":{"allow":["GET"]}}],"collection":[{"href":"https:\/\/cormashop.com.mx\/index.php\/wp-json\/wp\/v2\/product"}],"about":[{"href":"https:\/\/cormashop.com.mx\/index.php\/wp-json\/wp\/v2\/types\/product"}],"replies":[{"embeddable":true,"href":"https:\/\/cormashop.com.mx\/index.php\/wp-json\/wp\/v2\/comments?post=2566"}],"wp:featuredmedia":[{"embeddable":true,"href":"https:\/\/cormashop.com.mx\/index.php\/wp-json\/wp\/v2\/media\/2568"}],"wp:attachment":[{"href":"https:\/\/cormashop.com.mx\/index.php\/wp-json\/wp\/v2\/media?parent=2566"}],"wp:term":[{"taxonomy":"product_cat","embeddable":true,"href":"https:\/\/cormashop.com.mx\/index.php\/wp-json\/wp\/v2\/product_cat?post=2566"},{"taxonomy":"product_tag","embeddable":true,"href":"https:\/\/cormashop.com.mx\/index.php\/wp-json\/wp\/v2\/product_tag?post=2566"}],"curies":[{"name":"wp","href":"https:\/\/api.w.org\/{rel}","templated":true}]}}