{"id":2569,"date":"2022-03-23T19:30:49","date_gmt":"2022-03-23T19:30:49","guid":{"rendered":"https:\/\/cormashop.com.mx\/?post_type=product&#038;p=2569"},"modified":"2025-04-29T19:13:06","modified_gmt":"2025-04-29T19:13:06","slug":"respirador-plegable-con-valvula-n95-9822-3m","status":"publish","type":"product","link":"https:\/\/cormashop.com.mx\/index.php\/product\/respirador-plegable-con-valvula-n95-9822-3m\/","title":{"rendered":"Respirador plegable con valvula N95 9822 3M."},"content":{"rendered":"<p>Este respirador\u00a0plegable con valvula N95 9822 con v\u00e1lvula 3M\u2122 Cool Flow\u2122 proporciona protecci\u00f3n respiratoria c\u00f3moda y confiable al trabajador contra ciertas part\u00edculas sin aceite.<\/p>\n<p>Muy adecuado para entornos de trabajo con mucho calor o polvo, o para largos per\u00edodos de uso.<\/p>\n<p>El dise\u00f1o plano al plegarse ofrece un almacenamiento conveniente y el embalaje individual protege el respirador de la contaminaci\u00f3n antes de su uso.<\/p>\n<p>El respirador plegable con valvula N95 9822 con v\u00e1lvula 3M\u2122 Cool Flow\u2122 liviano y desechable est\u00e1 dise\u00f1ado para proporcionar una protecci\u00f3n respiratoria c\u00f3moda y confiable al trabajador. 3M utiliza una variedad de caracter\u00edsticas innovadoras para ayudarte a satisfacer tus necesidades de protecci\u00f3n respiratoria y comodidad.<\/p>\n<p>El respirador incorpora la tecnolog\u00eda patentada de 3M con un avanzado material de filtro de microfibra electrost\u00e1ticamente cargado. La v\u00e1lvula de exhalaci\u00f3n patentada 3M\u2122 Cool Flow\u2122 reduce la acumulaci\u00f3n de calor dentro del respirador para ofrecer comodidad al usuario.<\/p>\n<p>El clip nasal ajustable e integrado proporciona un sello seguro y a la medida.<\/p>\n<p>* Respirador N95 aprobado con filtro para part\u00edculas<\/p>\n<p>* V\u00e1lvula de exhalaci\u00f3n 3M\u2122 Cool Flow\u2122<\/p>\n<p>* Compatible con una variedad de lentes de seguridad y otros productos de protecci\u00f3n auditiva.<\/p>\n<p>* El clip nasal ajustable proporciona un sello seguro y a la medida.<\/p>\n<p>* El dise\u00f1o de dos bandas y con doble punto de uni\u00f3n engrapado proporciona un ajuste seguro.<\/p>\n<p>* Aplicaciones sugeridas: Abrasi\u00f3n, lijado, barrido, empaque y otras tareas generadoras de polvo.<\/p>\n<p>* Tambi\u00e9n se puede usar para reducir la inhalaci\u00f3n de ciertas part\u00edculas biol\u00f3gicas en el aire como moho, Bacillus anthracis, Mycobacterium tuberculosis, etc. Algunos ejemplos de aplicaci\u00f3n incluyen la planificaci\u00f3n de preparaci\u00f3n para emergencias o pandemias, el almacenamiento, etc.<\/p>\n<p>ADVERTENCIA: Estos respiradores desechables N95 ayudan a reducir su exposici\u00f3n a ciertos contaminantes en el aire. El uso inadecuado puede causar enfermedad o la muerte.<\/p>\n<p>&nbsp;<\/p>\n","protected":false},"excerpt":{"rendered":"<ul class=\"MMM--pdpList SNAPS--bullets\">\n<li>La v\u00e1lvula patentada 3M\u2122 Cool Flow\u2122 reduce la acumulaci\u00f3n de calor dentro del respirador.<\/li>\n<li>Econ\u00f3mico respirador desechable para part\u00edculas N95<\/li>\n<li>El dise\u00f1o plano al plegarse permite guardarlo de forma conveniente antes de usarlo.<\/li>\n<li>El empaquetado individual ayuda a proteger el respirador contra la contaminaci\u00f3n antes del uso.<\/li>\n<li>El clip nasal ajustable proporciona un sello seguro y a la medida.<\/li>\n<li>El material electrost\u00e1tico avanzado est\u00e1 dise\u00f1ado para facilitar la respiraci\u00f3n.<\/li>\n<li>Compatible con una variedad de protectores oculares y auditivos de 3M.<\/li>\n<\/ul>\n","protected":false},"featured_media":2570,"comment_status":"open","ping_status":"closed","template":"","meta":[],"product_cat":[67],"product_tag":[],"class_list":["post-2569","product","type-product","status-publish","has-post-thumbnail","hentry","product_cat-3m"],"_links":{"self":[{"href":"https:\/\/cormashop.com.mx\/index.php\/wp-json\/wp\/v2\/product\/2569","targetHints":{"allow":["GET"]}}],"collection":[{"href":"https:\/\/cormashop.com.mx\/index.php\/wp-json\/wp\/v2\/product"}],"about":[{"href":"https:\/\/cormashop.com.mx\/index.php\/wp-json\/wp\/v2\/types\/product"}],"replies":[{"embeddable":true,"href":"https:\/\/cormashop.com.mx\/index.php\/wp-json\/wp\/v2\/comments?post=2569"}],"wp:featuredmedia":[{"embeddable":true,"href":"https:\/\/cormashop.com.mx\/index.php\/wp-json\/wp\/v2\/media\/2570"}],"wp:attachment":[{"href":"https:\/\/cormashop.com.mx\/index.php\/wp-json\/wp\/v2\/media?parent=2569"}],"wp:term":[{"taxonomy":"product_cat","embeddable":true,"href":"https:\/\/cormashop.com.mx\/index.php\/wp-json\/wp\/v2\/product_cat?post=2569"},{"taxonomy":"product_tag","embeddable":true,"href":"https:\/\/cormashop.com.mx\/index.php\/wp-json\/wp\/v2\/product_tag?post=2569"}],"curies":[{"name":"wp","href":"https:\/\/api.w.org\/{rel}","templated":true}]}}