{"id":2640,"date":"2022-04-20T16:16:04","date_gmt":"2022-04-20T16:16:04","guid":{"rendered":"https:\/\/cormashop.com.mx\/?post_type=product&#038;p=2640"},"modified":"2025-04-29T19:13:06","modified_gmt":"2025-04-29T19:13:06","slug":"3m-limpiador-industrial-de-base-citrica-lata-24-fl-oz-net-wt-18-5-oz","status":"publish","type":"product","link":"https:\/\/cormashop.com.mx\/index.php\/product\/3m-limpiador-industrial-de-base-citrica-lata-24-fl-oz-net-wt-18-5-oz\/","title":{"rendered":"3M\u2122 Limpiador Industrial de Base C\u00edtrica, Lata 24 fl oz (Net Wt 18.5 oz)"},"content":{"rendered":"<ul class=\"MMM--pdpList SNAPS--bullets\">\n<li>Ayuda a disolver y eliminar suciedad, grasa, alquitr\u00e1n y mucho m\u00e1s para una amplia variedad de usos industriales.<\/li>\n<li>Elimina y limpia los residuos de adhesivo<\/li>\n<li>No corrosivo<\/li>\n<li>Limpiador a base de aceite c\u00edtrico no a base de solventes clorados o a base de petr\u00f3leo<\/li>\n<li>El desengrasante \/ limpiador de alta resistencia se limpia con solo una toalla de taller despu\u00e9s de su uso<\/li>\n<li>Limpia suavemente, dejando un agradable aroma c\u00edtrico.<\/li>\n<\/ul>\n<p class=\"SNAPS--pdpTabDes\">3M\u2122 Limpiador Industrial de Base C\u00edtrica es nuestro extraordinario limpiador \/ desengrasante industrial l\u00edquido que se utiliza para ayudar a disolver y eliminar la suciedad, la grasa, el alquitr\u00e1n y muchos adhesivos que no curan. Limpia sin dejar manchas y tiene un aroma c\u00edtrico fresco. En algunos casos, se puede utilizar en lugar de disolventes clorados o derivados del petr\u00f3leo para desengrasar y otras aplicaciones industriales.<\/p>\n<p class=\"SNAPS--pdpTabDes\">Limpiador Industrial y Desengrasante de Uso Pesado con Olor C\u00edtrico Nuestro 3M\u2122 Limpiador Industrial y Desengrasante de Uso Pesado con Olor C\u00edtrico ayuda a suavizar y aflojar la grasa, el aceite y la suciedad. Es un limpiador a base de aceite c\u00edtrico que no contiene disolventes clorados ni destilados de petr\u00f3leo. Este limpiador en aerosol altamente efectivo se puede utilizar para limpiar y desengrasar piezas met\u00e1licas, motores, herramientas, prensas de impresi\u00f3n, hormig\u00f3n o casi cualquier superficie sucia o grasosa. Es una excelente adici\u00f3n a cualquier lista de suministros de limpieza industrial. Este desengrasante de alta resistencia limpia suavemente, deja un agradable aroma c\u00edtrico y se puede limpiar con solo una toalla de taller. No se vende ni se usa en California. Consulte las reglas locales de calidad del aire antes de usar. 3M\u2122 Limpiador Industrial y Desengrasante de Uso Pesado con Olor C\u00edtrico con bajo contenido de VOC &lt;20% para obtener un limpiador que cumpla con las normas CARB y contribuya a los cr\u00e9ditos LEED\u00ae. Aplicaciones Recomendadas \u2022 Limpiar y desengrasar piezas met\u00e1licas, motores y herramientas \u2022 Retire la tinta de las prensas de impresi\u00f3n \u2022 Limpiar el hormig\u00f3n o casi cualquier superficie sucia o grasosa \u2022 Limpiar y eliminar aceites pesados, grasa, silicona, alquitr\u00e1n, materiales paraf\u00ednicos como cera, etiquetas, adhesivos, suciedad, marcadores y otros tipos de suciedad y contaminantes de una variedad de sustratos. Conveniencia para Mantenimiento y Producci\u00f3n En miles de f\u00e1bricas y plantas, los productos qu\u00edmicos en aerosol de 3M se utilizan todos los d\u00edas para ahorrar tiempo y esfuerzo. Lubricar, limpiar, inhibir el \u00f3xido y otros trabajos duros se vuelven f\u00e1ciles con la conveniencia y efectividad de nuestros qu\u00edmicos formulados. Las latas compactas caben en una caja de herramientas para que puedan ir f\u00e1cilmente a cualquier lugar de trabajo y ayudar a reducir el espacio de almacenamiento y el costo. Trayendo Mejores Ideas a la Superficie a trav\u00e9s de la Ciencia e Innovaci\u00f3n En nuestra Divisi\u00f3n de Cintas y Adhesivos Industriales de 3M, aplicamos la ciencia de la adhesi\u00f3n para ofrecer soluciones innovadoras que mejoran los procesos de dise\u00f1o y fabricaci\u00f3n de empresas de todo el mundo. Al final, nuestras tecnolog\u00edas ayudan a clientes como usted a entregar productos competitivos al mercado de manera m\u00e1s r\u00e1pida y eficiente.<\/p>\n","protected":false},"excerpt":{"rendered":"<ul class=\"MMM--pdpList SNAPS--bullets js--bnftsPdPList\">\n<li>Ayuda a disolver y eliminar suciedad, grasa, alquitr\u00e1n y mucho m\u00e1s para una amplia variedad de usos industriales.<\/li>\n<li>Elimina y limpia los residuos de adhesivo<\/li>\n<li>No corrosivo<\/li>\n<li>Limpiador a base de aceite c\u00edtrico no a base de solventes clorados o a base de petr\u00f3leo.<\/li>\n<\/ul>\n","protected":false},"featured_media":2641,"comment_status":"open","ping_status":"closed","template":"","meta":[],"product_cat":[67],"product_tag":[],"class_list":["post-2640","product","type-product","status-publish","has-post-thumbnail","hentry","product_cat-3m"],"_links":{"self":[{"href":"https:\/\/cormashop.com.mx\/index.php\/wp-json\/wp\/v2\/product\/2640","targetHints":{"allow":["GET"]}}],"collection":[{"href":"https:\/\/cormashop.com.mx\/index.php\/wp-json\/wp\/v2\/product"}],"about":[{"href":"https:\/\/cormashop.com.mx\/index.php\/wp-json\/wp\/v2\/types\/product"}],"replies":[{"embeddable":true,"href":"https:\/\/cormashop.com.mx\/index.php\/wp-json\/wp\/v2\/comments?post=2640"}],"wp:featuredmedia":[{"embeddable":true,"href":"https:\/\/cormashop.com.mx\/index.php\/wp-json\/wp\/v2\/media\/2641"}],"wp:attachment":[{"href":"https:\/\/cormashop.com.mx\/index.php\/wp-json\/wp\/v2\/media?parent=2640"}],"wp:term":[{"taxonomy":"product_cat","embeddable":true,"href":"https:\/\/cormashop.com.mx\/index.php\/wp-json\/wp\/v2\/product_cat?post=2640"},{"taxonomy":"product_tag","embeddable":true,"href":"https:\/\/cormashop.com.mx\/index.php\/wp-json\/wp\/v2\/product_tag?post=2640"}],"curies":[{"name":"wp","href":"https:\/\/api.w.org\/{rel}","templated":true}]}}