{"id":2666,"date":"2022-04-20T16:52:28","date_gmt":"2022-04-20T16:52:28","guid":{"rendered":"https:\/\/cormashop.com.mx\/?post_type=product&#038;p=2666"},"modified":"2025-04-29T19:13:05","modified_gmt":"2025-04-29T19:13:05","slug":"3m-super-77-adhesivo-aerosol-multiusos-lata-24-fl-oz","status":"publish","type":"product","link":"https:\/\/cormashop.com.mx\/index.php\/product\/3m-super-77-adhesivo-aerosol-multiusos-lata-24-fl-oz\/","title":{"rendered":"3M\u2122 Super 77\u2122 Adhesivo Aerosol Multiusos, Lata 24 fl oz."},"content":{"rendered":"<ul class=\"MMM--pdpList SNAPS--bullets\">\n<li>Adhesivo vers\u00e1til que une una amplia gama de materiales ligeros<\/li>\n<li>Proporciona fuerza industrial profesional para aplicaciones exigentes<\/li>\n<li>Ofrece una adherencia r\u00e1pida y agresiva para una uni\u00f3n r\u00e1pida que reduce el tiempo de montaje<\/li>\n<li>Pega papel, cart\u00f3n, tela, aislamiento, pl\u00e1stico, metal, madera y m\u00e1s<\/li>\n<li>Permite un tiempo de uni\u00f3n de 15 segundos a 30 minutos.<\/li>\n<li>Reposicionable mientras proporciona una resistencia duradera<\/li>\n<li>Resistencia a la temperatura 65\u2070 C<\/li>\n<\/ul>\n<p class=\"SNAPS--pdpTabDes\">Desarrollamos 3M\u2122 Super 77\u2122 Adhesivo Aerosol Multiusos para ser un adhesivo en aerosol de secado r\u00e1pido extremadamente vers\u00e1til que adhiere una amplia gama de materiales livianos. Nuestro v\u00ednculo permanente proporciona resultados r\u00e1pidos para que los proyectos sigan adelante. La f\u00f3rmula en aerosol foto-segura es f\u00e1cil de dispensar y aplicar directamente sobre superficies y materiales donde sea necesario, sin empaparse ni amarillear con el tiempo.<\/p>\n<p class=\"SNAPS--pdpTabDes\">El Pegamento que Sostiene al Mundo Durante m\u00e1s de 50 a\u00f1os, el 3M\u2122 Super 77\u2122 Adhesivo Multiprop\u00f3sito en Aerosol se ha mantenido como un elemento b\u00e1sico en la cartera de adhesivos de uso diario de 3M que muchos consideran necesarios en la f\u00e1brica. Reconocido mundialmente, este adhesivo en aerosol ha demostrado su confiabilidad en innumerables aplicaciones. Para muchos, &#8220;hacer el trabajo&#8221; es solo un roc\u00edo de distancia. Nuestro adhesivo en 3M\u2122 Super 77\u2122 Adhesivo Multiprop\u00f3sito en Aerosol tiene una adherencia agresiva que ofrece un agarre inicial alto, as\u00ed como suficiente tiempo abierto para colocar los materiales correctamente. El alto contenido de s\u00f3lidos respalda su propiedad de baja absorci\u00f3n, lo que le brinda tiempo para encontrar el mejor ajuste para sus piezas. Este atributo tambi\u00e9n brinda una mayor cobertura que los adhesivos en aerosol de la competencia y ayuda a crear l\u00edneas de pegamento suaves que no forman hoyuelos. La combinaci\u00f3n de adherencia r\u00e1pida, uni\u00f3n fuerte y apariencia limpia lo hace ideal para proyectos de todo tipo. Aplicaciones Recomendadas \u2022 Proyectos de reparaci\u00f3n y mantenimiento industrial general \u2022 Colocaci\u00f3n de aislamiento de fibra de vidrio y molduras de esquina de paneles de yeso \u2022 Unir materiales delgados como l\u00e1minas, alfombras, papel, cart\u00f3n, fieltro y m\u00e1s Adhesivo Completo 3M\u2122 Super 77\u2122 Adhesivo Multiprop\u00f3sito en Aerosol es capaz de formar uniones fuertes en una amplia gama de materiales, incluidos papel, cart\u00f3n, tela y aislamiento. Tambi\u00e9n funciona bien con pl\u00e1stico, metal, madera y mucho m\u00e1s. 3M\u2122 Super 77\u2122 Adhesivo Multiprop\u00f3sito en Aerosol: bajo contenido de VOC &lt;25% cumple con CARB y es elegible para cr\u00e9ditos LEED. Se ha demostrado que este adhesivo en aerosol funciona bien para proyectos de todos los tama\u00f1os, desde la artesan\u00eda hasta la construcci\u00f3n.<\/p>\n","protected":false},"excerpt":{"rendered":"<ul class=\"MMM--pdpList SNAPS--bullets js--bnftsPdPList\">\n<li>Adhesivo vers\u00e1til que une una amplia gama de materiales ligeros<\/li>\n<li>Proporciona fuerza industrial profesional para aplicaciones exigentes<\/li>\n<li>Ofrece una adherencia r\u00e1pida y agresiva para una uni\u00f3n r\u00e1pida que reduce el tiempo de montaje<\/li>\n<li>Pega papel, cart\u00f3n, tela, aislamiento, pl\u00e1stico, metal, madera y m\u00e1s.<\/li>\n<\/ul>\n","protected":false},"featured_media":2667,"comment_status":"open","ping_status":"closed","template":"","meta":[],"product_cat":[67],"product_tag":[],"class_list":["post-2666","product","type-product","status-publish","has-post-thumbnail","hentry","product_cat-3m"],"_links":{"self":[{"href":"https:\/\/cormashop.com.mx\/index.php\/wp-json\/wp\/v2\/product\/2666","targetHints":{"allow":["GET"]}}],"collection":[{"href":"https:\/\/cormashop.com.mx\/index.php\/wp-json\/wp\/v2\/product"}],"about":[{"href":"https:\/\/cormashop.com.mx\/index.php\/wp-json\/wp\/v2\/types\/product"}],"replies":[{"embeddable":true,"href":"https:\/\/cormashop.com.mx\/index.php\/wp-json\/wp\/v2\/comments?post=2666"}],"wp:featuredmedia":[{"embeddable":true,"href":"https:\/\/cormashop.com.mx\/index.php\/wp-json\/wp\/v2\/media\/2667"}],"wp:attachment":[{"href":"https:\/\/cormashop.com.mx\/index.php\/wp-json\/wp\/v2\/media?parent=2666"}],"wp:term":[{"taxonomy":"product_cat","embeddable":true,"href":"https:\/\/cormashop.com.mx\/index.php\/wp-json\/wp\/v2\/product_cat?post=2666"},{"taxonomy":"product_tag","embeddable":true,"href":"https:\/\/cormashop.com.mx\/index.php\/wp-json\/wp\/v2\/product_tag?post=2666"}],"curies":[{"name":"wp","href":"https:\/\/api.w.org\/{rel}","templated":true}]}}