{"id":2670,"date":"2022-04-20T16:58:04","date_gmt":"2022-04-20T16:58:04","guid":{"rendered":"https:\/\/cormashop.com.mx\/?post_type=product&#038;p=2670"},"modified":"2025-04-29T19:13:05","modified_gmt":"2025-04-29T19:13:05","slug":"3m-adhesivo-aerosol-de-alta-resistencia-90-transparente","status":"publish","type":"product","link":"https:\/\/cormashop.com.mx\/index.php\/product\/3m-adhesivo-aerosol-de-alta-resistencia-90-transparente\/","title":{"rendered":"3M\u2122 Adhesivo Aerosol de Alta Resistencia 90, Transparente."},"content":{"rendered":"<ul class=\"MMM--pdpList SNAPS--bullets\">\n<li>Proporciona fuerza industrial profesional para aplicaciones exigentes<\/li>\n<li>Viene con un patr\u00f3n de rociado de banda de ancho variable<\/li>\n<li>Adhesivo de contacto de alta resistencia, r\u00e1pido<\/li>\n<li>Une laminado, madera, hormig\u00f3n, metal, pl\u00e1stico y m\u00e1s<\/li>\n<li>Resistencia a altas temperaturas y humedad<\/li>\n<li>Permite un tiempo de uni\u00f3n de 15 segundos a 30 minutos<\/li>\n<li>Resistencia a la temperatura 121\u2070 C<\/li>\n<\/ul>\n<p class=\"SNAPS--pdpTabDes\">3M\u2122 Adhesivo Aerosol de Alta Resistencia 90 es un adhesivo en aerosol extremadamente vers\u00e1til y de secado r\u00e1pido que se adhiere fuertemente a una amplia gama de materiales. Nuestro v\u00ednculo permanente proporciona resultados r\u00e1pidos para que los proyectos sigan adelante. La f\u00f3rmula de pulverizaci\u00f3n es f\u00e1cil de dispensar, ofrece un patr\u00f3n de pulverizaci\u00f3n de ancho variable y se aplica directamente sobre superficies y materiales donde sea necesario.<\/p>\n<p class=\"SNAPS--pdpTabDes\">R\u00e1pido, Duradero 3M\u2122 Hi-Strength 90 Adhesivo en Aerosol es un miembro desde hace mucho tiempo de la cartera de adhesivos de uso diario de 3M que muchos consideran necesarios en la f\u00e1brica. Reconocido mundialmente, este adhesivo en aerosol ha demostrado su confiabilidad en innumerables aplicaciones. Para muchos, &#8220;hacer el trabajo&#8221; es solo un roc\u00edo de distancia. Este adhesivo en aerosol ofrece un agarre inicial alto, un rango de uni\u00f3n suficiente y un tiempo de secado r\u00e1pido. El alto contenido de s\u00f3lidos proporciona una mayor cobertura por pie cuadrado que los adhesivos en aerosol de la competencia. La combinaci\u00f3n de uni\u00f3n de m\u00e1xima resistencia y apariencia limpia lo hace ideal para proyectos de todo tipo. Aplicaciones Recomendadas \u2022 Proyectos de reparaci\u00f3n y mantenimiento industrial general \u2022 Uni\u00f3n de superficies grandes de madera, laminados, MDF y otros sustratos \u2022 Adhesi\u00f3n para aplicaciones de construcci\u00f3n de interiores como aislamiento, HVAC, particiones de oficinas y m\u00e1s \u2022 Uni\u00f3n para construcci\u00f3n inclinada Adhesivo Completo 3M\u2122 Hi-Strength Adhesivo en Aerosol 90 es capaz de formar uniones extremadamente fuertes en una amplia gama de materiales, incluidos papel, cart\u00f3n, tela y aislamiento. Tambi\u00e9n funciona bien con pl\u00e1stico, metal, madera y mucho m\u00e1s. 3M\u2122 Hi-Strength 90 Adhesivo en Aerosol de alta resistencia 90 CA: bajo contenido de VOC &lt;25% cumple con CARB y es elegible para cr\u00e9ditos LEED\u00ae. Se ha demostrado que este adhesivo en aerosol funciona bien para proyectos tanto grandes como peque\u00f1os, desde la artesan\u00eda hasta la construcci\u00f3n. \u00danico en su Clase Cuando se dise\u00f1\u00f3 el 3M\u2122 Hi-Strength Adhesivo en Aerosol 90, nuestro objetivo era superar los obst\u00e1culos que enfrentamos al aplicar las colas existentes en el mercado. Al inventar lo que puede considerarse un &#8220;pegamento en aerosol&#8221; \u00fanico, 3M fue capaz de proporcionar una soluci\u00f3n adhesiva aut\u00f3noma que ahorra tiempo y dinero.<\/p>\n","protected":false},"excerpt":{"rendered":"<ul class=\"MMM--pdpList SNAPS--bullets js--bnftsPdPList\">\n<li>Proporciona fuerza industrial profesional para aplicaciones exigentes<\/li>\n<li>Viene con un patr\u00f3n de rociado de banda de ancho variable<\/li>\n<li>Adhesivo de contacto de alta resistencia, r\u00e1pido<\/li>\n<li>Une laminado, madera, hormig\u00f3n, metal, pl\u00e1stico y m\u00e1s.<\/li>\n<\/ul>\n","protected":false},"featured_media":2671,"comment_status":"open","ping_status":"closed","template":"","meta":[],"product_cat":[67],"product_tag":[],"class_list":["post-2670","product","type-product","status-publish","has-post-thumbnail","hentry","product_cat-3m"],"_links":{"self":[{"href":"https:\/\/cormashop.com.mx\/index.php\/wp-json\/wp\/v2\/product\/2670","targetHints":{"allow":["GET"]}}],"collection":[{"href":"https:\/\/cormashop.com.mx\/index.php\/wp-json\/wp\/v2\/product"}],"about":[{"href":"https:\/\/cormashop.com.mx\/index.php\/wp-json\/wp\/v2\/types\/product"}],"replies":[{"embeddable":true,"href":"https:\/\/cormashop.com.mx\/index.php\/wp-json\/wp\/v2\/comments?post=2670"}],"wp:featuredmedia":[{"embeddable":true,"href":"https:\/\/cormashop.com.mx\/index.php\/wp-json\/wp\/v2\/media\/2671"}],"wp:attachment":[{"href":"https:\/\/cormashop.com.mx\/index.php\/wp-json\/wp\/v2\/media?parent=2670"}],"wp:term":[{"taxonomy":"product_cat","embeddable":true,"href":"https:\/\/cormashop.com.mx\/index.php\/wp-json\/wp\/v2\/product_cat?post=2670"},{"taxonomy":"product_tag","embeddable":true,"href":"https:\/\/cormashop.com.mx\/index.php\/wp-json\/wp\/v2\/product_tag?post=2670"}],"curies":[{"name":"wp","href":"https:\/\/api.w.org\/{rel}","templated":true}]}}