{"id":2684,"date":"2022-04-20T17:17:47","date_gmt":"2022-04-20T17:17:47","guid":{"rendered":"https:\/\/cormashop.com.mx\/?post_type=product&#038;p=2684"},"modified":"2025-12-11T11:44:46","modified_gmt":"2025-12-11T11:44:46","slug":"limpiador-de-contactos-electricos-3m-novec-plus-325-ml","status":"publish","type":"product","link":"https:\/\/cormashop.com.mx\/index.php\/product\/limpiador-de-contactos-electricos-3m-novec-plus-325-ml\/","title":{"rendered":"Limpiador de Contactos El\u00e9ctricos 3M\u2122 Novec\u2122 Plus, 325 ml."},"content":{"rendered":"<ul class=\"MMM--pdpList SNAPS--bullets\">\n<li>Secado r\u00e1pido y bajo nivel de olor<\/li>\n<li>No inflamable, no conductor<\/li>\n<li>No agota la capa de ozono. Bajo potencial de calentamiento global (GWP). Cumple con regulaciones ambientales. No contiene HCFC, HFC ni nPB<\/li>\n<li>Baja toxicidad y no agota la capa de ozono<\/li>\n<li>Baja toxicidad. No contiene componentes cancer\u00edgenos<\/li>\n<li>Sin enjuague y sin residuos<\/li>\n<li>No corrosivo<\/li>\n<li>No contiene HCFC, HFC ni nPB<\/li>\n<\/ul>\n<p class=\"SNAPS--pdpTabDes\">El Limpiador de Contactos El\u00e9ctricos 3M\u2122 Novec\u2122 Plus est\u00e1 formulado con un poder de limpieza adicional para eliminar aceites y siliconas rebeldes, as\u00ed como aceites y grasas fluorados, polvo y part\u00edculas de equipos el\u00e9ctricos y electr\u00f3nicos sensibles. Es compatible con pl\u00e1sticos y otros materiales de construcci\u00f3n.<\/p>\n<p class=\"SNAPS--pdpTabDes\">El Limpiador de Contactos El\u00e9ctricos 3M\u2122 Novec\u2122 Plus est\u00e1 formulado con el Fluido 3M\u2122 Novec\u2122 7200, que est\u00e1 exento de COV seg\u00fan las regulaciones de la Junta de Recursos del Aire de California (CARB). Este producto est\u00e1 optimizado tanto para el cumplimiento de los l\u00edmites de COV de CARB como para un alto rendimiento porque no recurre a un mayor uso de propelentes inertes (diluci\u00f3n) para lograr el cumplimiento.<\/p>\n<p class=\"SNAPS--pdpTabDes\">\n<h4 class=\"MMM--hdg MMM--pdpTabVr SNAPS--pdpTabVr\">Aplicaciones sugeridas<\/h4>\n<ul class=\"MMM--pdpList SNAPS--bullets\">\n<li>Desengrasar placas de circuitos, contactos el\u00e9ctricos e interruptores<\/li>\n<li>Remueve efectivamente aceites fluorados y siliconas, polvo y part\u00edculas de equipos electr\u00f3nicos y el\u00e9ctricos, como en tableros y equipos electromec\u00e1nicos.<\/li>\n<\/ul>\n","protected":false},"excerpt":{"rendered":"<ul class=\"MMM--pdpList SNAPS--bullets js--bnftsPdPList\">\n<li>Secado r\u00e1pido y bajo nivel de olor<\/li>\n<li>No inflamable, no conductor<\/li>\n<li>No agota la capa de ozono. Bajo potencial de calentamiento global (GWP). Cumple con regulaciones ambientales. No contiene HCFC, HFC ni nPB<\/li>\n<li>Baja toxicidad y no agota la capa de ozono.<\/li>\n<\/ul>\n","protected":false},"featured_media":2685,"comment_status":"open","ping_status":"closed","template":"","meta":[],"product_cat":[67],"product_tag":[],"class_list":["post-2684","product","type-product","status-publish","has-post-thumbnail","hentry","product_cat-3m"],"_links":{"self":[{"href":"https:\/\/cormashop.com.mx\/index.php\/wp-json\/wp\/v2\/product\/2684","targetHints":{"allow":["GET"]}}],"collection":[{"href":"https:\/\/cormashop.com.mx\/index.php\/wp-json\/wp\/v2\/product"}],"about":[{"href":"https:\/\/cormashop.com.mx\/index.php\/wp-json\/wp\/v2\/types\/product"}],"replies":[{"embeddable":true,"href":"https:\/\/cormashop.com.mx\/index.php\/wp-json\/wp\/v2\/comments?post=2684"}],"wp:featuredmedia":[{"embeddable":true,"href":"https:\/\/cormashop.com.mx\/index.php\/wp-json\/wp\/v2\/media\/2685"}],"wp:attachment":[{"href":"https:\/\/cormashop.com.mx\/index.php\/wp-json\/wp\/v2\/media?parent=2684"}],"wp:term":[{"taxonomy":"product_cat","embeddable":true,"href":"https:\/\/cormashop.com.mx\/index.php\/wp-json\/wp\/v2\/product_cat?post=2684"},{"taxonomy":"product_tag","embeddable":true,"href":"https:\/\/cormashop.com.mx\/index.php\/wp-json\/wp\/v2\/product_tag?post=2684"}],"curies":[{"name":"wp","href":"https:\/\/api.w.org\/{rel}","templated":true}]}}