{"id":2687,"date":"2022-04-20T17:22:35","date_gmt":"2022-04-20T17:22:35","guid":{"rendered":"https:\/\/cormashop.com.mx\/?post_type=product&#038;p=2687"},"modified":"2025-04-29T19:13:05","modified_gmt":"2025-04-29T19:13:05","slug":"3m-vhb-cinta-4611-gris-oscuro-1-2","status":"publish","type":"product","link":"https:\/\/cormashop.com.mx\/index.php\/product\/3m-vhb-cinta-4611-gris-oscuro-1-2\/","title":{"rendered":"3M\u2122 VHB\u2122 Cinta 4611, Gris Oscuro, 1\/2 &#8220;"},"content":{"rendered":"<ul class=\"MMM--pdpList SNAPS--bullets\">\n<li>El m\u00e9todo de uni\u00f3n permanente r\u00e1pido y f\u00e1cil de usar proporciona alta resistencia y durabilidad a largo plazo.<\/li>\n<li>La sujeci\u00f3n pr\u00e1cticamente invisible mantiene las superficies lisas<\/li>\n<li>Puede reemplazar sujetadores mec\u00e1nicos (remaches, soldaduras, tornillos) o adhesivos l\u00edquidos<\/li>\n<li>El adhesivo de uso general gris oscuro, 0.045 in (1.1 mil) con espuma firme tiene una caracter\u00edstica adicional de resistencia a altas temperaturas<\/li>\n<li>Elimina la perforaci\u00f3n, el esmerilado, el repintado, el atornillado, la soldadura y la limpieza asociada<\/li>\n<li>Crea un sello permanente contra el agua, la humedad y m\u00e1s<\/li>\n<li>El adhesivo sensible a la presi\u00f3n se adhiere al contacto para proporcionar resistencia de manipulaci\u00f3n inmediata<\/li>\n<li>Permite el uso de materiales m\u00e1s delgados, livianos y diferentes<\/li>\n<\/ul>\n<p class=\"SNAPS--pdpTabDes\">3M\u2122 VHB\u2122 Cinta 4611 es un adhesivo de uso general de color gris oscuro de 0,045 pulgadas (1,1 mil) con espuma firme y la caracter\u00edstica adicional de resistencia a altas temperaturas. Este m\u00e9todo de uni\u00f3n permanente r\u00e1pido y f\u00e1cil de usar puede reemplazar remaches, soldaduras y tornillos, proporcionando alta resistencia y durabilidad a largo plazo. Ofrece flexibilidad de dise\u00f1o con su viscoelasticidad y su poderosa capacidad para adherirse a una variedad de superficies.<\/p>\n<p class=\"SNAPS--pdpTabDes\">Conveniencia con Poder Extremo de Adherencia Nuestra cinta 3M\u2122 VHB\u2122 consiste en un adhesivo acr\u00edlico duradero con propiedades viscoel\u00e1sticas. Esto proporciona una cinta de espuma de doble cara extraordinariamente fuerte que se adhiere a una amplia gama de sustratos, incluidos aluminio, acero inoxidable, acero galvanizado, compuestos, pl\u00e1sticos, acr\u00edlico, policarbonato, ABS y madera y hormig\u00f3n pintados o sellados. Nuestras cintas adhesivas brindan una excelente resistencia al cizallamiento, adaptabilidad, adherencia superficial y resistencia a la temperatura. Se utilizan com\u00fanmente en aplicaciones en una variedad de mercados que incluyen transporte, electrodom\u00e9sticos, electr\u00f3nica, construcci\u00f3n, se\u00f1alizaci\u00f3n y exhibici\u00f3n e industria en general. Une de manera confiable una variedad de materiales con fuerza y velocidad para aplicaciones permanentes. Aplicaciones Recomendadas \u2022 Sustratos de metal, vidrio y alta energ\u00eda superficial (HSE) \u2022 Material decorativo y adornos \u2022 Placas de identificaci\u00f3n y logotipos \u2022 Pantallas electr\u00f3nicas \u2022 Panel a marco \u2022 Refuerzo al panel Sue\u00f1a, Dise\u00f1a, Entrega con la 4950 Family de 3M\u2122 VHB\u2122 Cintas 3M\u2122 VHB\u2122 Cinta 4930 pertenece a la familia 4950 de cintas 3M\u2122 VHB\u2122. Esta familia de cintas 3M\u2122 VHB\u2122 utiliza un adhesivo de uso general en ambos lados de un n\u00facleo de espuma de tipo firme. Est\u00e1n dise\u00f1ados espec\u00edficamente para una buena adhesi\u00f3n a metales, vidrio y otros materiales de alta energ\u00eda superficial. Las aplicaciones de esta cinta incluyen uniones de refuerzo, sellado de lentes de policarbonato sobre LCD, ventanas a paneles de control pintados y montaje de conductos de cableado de vinilo y canales de conductos. Una Cinta Poco Convencional de Espuma Las cintas 3M \u2122 VHB \u2122 se inventaron en 1980 como las primeras de su tipo. Estas cintas \u00fanicas combinan adaptabilidad con una uni\u00f3n fuerte y permanente. El resultado es una familia de cintas extraordinariamente resistentes que se adhieren a una amplia gama de sustratos. La cinta 3M \u2122 VHB \u2122 es una alternativa probada a los tornillos, remaches, soldaduras y otras formas de sujetadores mec\u00e1nicos. Rascacielos, tel\u00e9fonos m\u00f3viles, letreros electr\u00f3nicos de carreteras, refrigeradores, ventanas arquitect\u00f3nicas y m\u00e1s, todos conf\u00edan en esta cinta adhesiva especial para uno o m\u00e1s pasos en el proceso de ensamblaje, montaje, fijaci\u00f3n y sellado. Esta cinta confiable y confiable ofrece una uni\u00f3n constante, una durabilidad excepcional y una excelente resistencia a los solventes y la humedad. 3M respalda todos sus productos y est\u00e1 ah\u00ed para brindarle orientaci\u00f3n de dise\u00f1o y soporte t\u00e9cnico cuando lo necesite. Confiabilidad Probada de 3M\u2122 VHB\u2122 Cintas La cinta 3M \u2122 VHB \u2122 ofrece una uni\u00f3n duradera de una manera que los sujetadores mec\u00e1nicos no pueden. Esta cinta mejora la apariencia de los productos terminados al eliminar los remaches y tornillos al tiempo que proporciona resistencia de manipulaci\u00f3n inmediata. En la mayor\u00eda de los casos, sujetar con cinta 3M \u2122 VHB \u2122 es un proceso m\u00e1s r\u00e1pido que perforar, sujetar o usar adhesivo l\u00edquido. Esta vers\u00e1til l\u00ednea de cintas se puede utilizar en interiores o exteriores en una variedad de aplicaciones, que incluyen ensamblaje de ventanas, puertas y letreros, electr\u00f3nica, construcci\u00f3n y muchas otras aplicaciones industriales. La cinta 3M \u2122 VHB \u2122, qu\u00edmicamente resistente y estable a la temperatura y a los rayos UV, puede soportar el calor de Dubai y el fr\u00edo de Canad\u00e1. La qu\u00edmica acr\u00edlica \u00fanica es extremadamente duradera y resistente a los cambios con el tiempo, lo que la convierte en una cinta potente y duradera en la que puede confiar. Trayendo Mejores Ideas a la Superficie a trav\u00e9s de la Ciencia e Innovaci\u00f3n En nuestra Divisi\u00f3n de Cintas y Adhesivos Industriales de 3M, aplicamos la ciencia de la adhesi\u00f3n para ofrecer soluciones innovadoras que mejoran los procesos de dise\u00f1o y fabricaci\u00f3n de empresas de todo el mundo. Al final, nuestras tecnolog\u00edas ayudan a clientes como usted a entregar productos competitivos al mercado de manera m\u00e1s r\u00e1pida y eficiente.<\/p>\n","protected":false},"excerpt":{"rendered":"<ul class=\"MMM--pdpList SNAPS--bullets js--bnftsPdPList\">\n<li>El m\u00e9todo de uni\u00f3n permanente r\u00e1pido y f\u00e1cil de usar proporciona alta resistencia y durabilidad a largo plazo.<\/li>\n<li>La sujeci\u00f3n pr\u00e1cticamente invisible mantiene las superficies lisas<\/li>\n<li>Puede reemplazar sujetadores mec\u00e1nicos (remaches, soldaduras, tornillos) o adhesivos l\u00edquidos<\/li>\n<li>El adhesivo de uso general gris oscuro, 0.045 in (1.1 mil) con espuma firme tiene una caracter\u00edstica adicional de resistencia a altas temperaturas.<\/li>\n<\/ul>\n","protected":false},"featured_media":2688,"comment_status":"open","ping_status":"closed","template":"","meta":[],"product_cat":[67],"product_tag":[],"class_list":["post-2687","product","type-product","status-publish","has-post-thumbnail","hentry","product_cat-3m"],"_links":{"self":[{"href":"https:\/\/cormashop.com.mx\/index.php\/wp-json\/wp\/v2\/product\/2687","targetHints":{"allow":["GET"]}}],"collection":[{"href":"https:\/\/cormashop.com.mx\/index.php\/wp-json\/wp\/v2\/product"}],"about":[{"href":"https:\/\/cormashop.com.mx\/index.php\/wp-json\/wp\/v2\/types\/product"}],"replies":[{"embeddable":true,"href":"https:\/\/cormashop.com.mx\/index.php\/wp-json\/wp\/v2\/comments?post=2687"}],"wp:featuredmedia":[{"embeddable":true,"href":"https:\/\/cormashop.com.mx\/index.php\/wp-json\/wp\/v2\/media\/2688"}],"wp:attachment":[{"href":"https:\/\/cormashop.com.mx\/index.php\/wp-json\/wp\/v2\/media?parent=2687"}],"wp:term":[{"taxonomy":"product_cat","embeddable":true,"href":"https:\/\/cormashop.com.mx\/index.php\/wp-json\/wp\/v2\/product_cat?post=2687"},{"taxonomy":"product_tag","embeddable":true,"href":"https:\/\/cormashop.com.mx\/index.php\/wp-json\/wp\/v2\/product_tag?post=2687"}],"curies":[{"name":"wp","href":"https:\/\/api.w.org\/{rel}","templated":true}]}}