{"id":2697,"date":"2022-04-20T17:39:05","date_gmt":"2022-04-20T17:39:05","guid":{"rendered":"https:\/\/cormashop.com.mx\/?post_type=product&#038;p=2697"},"modified":"2025-04-29T19:13:05","modified_gmt":"2025-04-29T19:13:05","slug":"limpiador-antiestatico-3m-8001-946-ml","status":"publish","type":"product","link":"https:\/\/cormashop.com.mx\/index.php\/product\/limpiador-antiestatico-3m-8001-946-ml\/","title":{"rendered":"Limpiador Antiest\u00e1tico 3M\u2122 8001 946 ml."},"content":{"rendered":"<ul class=\"MMM--pdpList SNAPS--bullets\">\n<li>Dise\u00f1ado para remover la suciedad y el polvo<\/li>\n<li>No deja residuos<\/li>\n<li>946 ml<\/li>\n<\/ul>\n<p class=\"SNAPS--pdpTabDes\">El Removedor de Marcas en S\u00faperficie por Control de Est\u00e1tica 8001 de 3M es un fluido extrafuerte dise\u00f1ado para eliminar la suciedad com\u00fan y el polvo, as\u00ed como tambi\u00e9n las marcas y manchas dif\u00edciles de todo tipo de superficies con control de est\u00e1tica.<\/p>\n<p class=\"SNAPS--pdpTabDes\">8001 Limpiador Antiest\u00e1tico 946.00 ml<\/p>\n<p class=\"SNAPS--pdpTabDes\">\n<h4 class=\"MMM--hdg MMM--pdpTabVr SNAPS--pdpTabVr\">Aplicaciones sugeridas<\/h4>\n<ul class=\"MMM--pdpList SNAPS--bullets\">\n<li>1 cuarto de gal\u00f3n.<\/li>\n<li>1 cuarto de gal\u00f3n.<\/li>\n<\/ul>\n","protected":false},"excerpt":{"rendered":"<ul class=\"MMM--pdpList SNAPS--bullets js--bnftsPdPList\">\n<li>Dise\u00f1ado para remover la suciedad y el polvo<\/li>\n<li>No deja residuos<\/li>\n<li>946 ml.<\/li>\n<\/ul>\n","protected":false},"featured_media":2698,"comment_status":"open","ping_status":"closed","template":"","meta":[],"product_cat":[67],"product_tag":[],"class_list":["post-2697","product","type-product","status-publish","has-post-thumbnail","hentry","product_cat-3m"],"_links":{"self":[{"href":"https:\/\/cormashop.com.mx\/index.php\/wp-json\/wp\/v2\/product\/2697","targetHints":{"allow":["GET"]}}],"collection":[{"href":"https:\/\/cormashop.com.mx\/index.php\/wp-json\/wp\/v2\/product"}],"about":[{"href":"https:\/\/cormashop.com.mx\/index.php\/wp-json\/wp\/v2\/types\/product"}],"replies":[{"embeddable":true,"href":"https:\/\/cormashop.com.mx\/index.php\/wp-json\/wp\/v2\/comments?post=2697"}],"wp:featuredmedia":[{"embeddable":true,"href":"https:\/\/cormashop.com.mx\/index.php\/wp-json\/wp\/v2\/media\/2698"}],"wp:attachment":[{"href":"https:\/\/cormashop.com.mx\/index.php\/wp-json\/wp\/v2\/media?parent=2697"}],"wp:term":[{"taxonomy":"product_cat","embeddable":true,"href":"https:\/\/cormashop.com.mx\/index.php\/wp-json\/wp\/v2\/product_cat?post=2697"},{"taxonomy":"product_tag","embeddable":true,"href":"https:\/\/cormashop.com.mx\/index.php\/wp-json\/wp\/v2\/product_tag?post=2697"}],"curies":[{"name":"wp","href":"https:\/\/api.w.org\/{rel}","templated":true}]}}