{"id":2710,"date":"2022-05-10T07:56:34","date_gmt":"2022-05-10T07:56:34","guid":{"rendered":"https:\/\/cormashop.com.mx\/?post_type=product&#038;p=2710"},"modified":"2025-04-29T19:13:04","modified_gmt":"2025-04-29T19:13:04","slug":"masilla-cp-25wb-18-9-l","status":"publish","type":"product","link":"https:\/\/cormashop.com.mx\/index.php\/product\/masilla-cp-25wb-18-9-l\/","title":{"rendered":"MASILLA CP 25WB+ (18.9 L.)"},"content":{"rendered":"<p><b>MASILLA ELASTOM\u00c9RICA DE L\u00c1TEX.CON BASE AGUA, INTUMESCENTE, ENDOT\u00c9RMICO, TIXOTR\u00d3PICO Y LIBRE DE HAL\u00d3GENOS. <\/b><\/p>\n<p><b>DE SECADO R\u00c1PIDO CON ENCOGIMIENTO M\u00cdNIMO Y SE PUEDE SECAR R\u00c1PIDAMENTE. <\/b><\/p>\n<p><b>SELLA ABERTURAS O BOQUETES EN CONSTRUCCIONES O ART\u00cdCULOS PENETRANTES.\u00a0<\/b><\/p>\n","protected":false},"excerpt":{"rendered":"<ul class=\"MMM--pdpList SNAPS--bullets\">\n<li>98040053815<\/li>\n<li>Clasificaci\u00f3n de hasta 4 horas de protecci\u00f3n contra incendio probado por est\u00e1ndar ASTM E-814 (UL 1479) &amp; CAN\/ULC S115.<\/li>\n<li>Clasificaci\u00f3n de hasta 4 horas de protecci\u00f3n contra incendio para uniones estructurales de acuerdo con est\u00e1ndar ASTM E-1966 (UL 2079)<\/li>\n<li>Act\u00faa como una barrera ac\u00fastica, minimizando la transmisi\u00f3n de sonido<\/li>\n<li>Se aplica con equipo convencional de calafateo, f\u00e1cil de instalar<\/li>\n<li>Libre de hal\u00f3genos<\/li>\n<li>Resistente al pandeo, no se escurre<\/li>\n<li>Excelente adhesi\u00f3n con sustratos de construcci\u00f3n<\/li>\n<li>Se puede pintar<\/li>\n<li>Re entrable, se puede manipular para nuevas instalaciones o mantenimiento<\/li>\n<\/ul>\n","protected":false},"featured_media":2711,"comment_status":"open","ping_status":"closed","template":"","meta":[],"product_cat":[67],"product_tag":[84,86,85,83],"class_list":["post-2710","product","type-product","status-publish","has-post-thumbnail","hentry","product_cat-3m","product_tag-cp25","product_tag-elastomerica","product_tag-fire-barrier","product_tag-masilla"],"_links":{"self":[{"href":"https:\/\/cormashop.com.mx\/index.php\/wp-json\/wp\/v2\/product\/2710","targetHints":{"allow":["GET"]}}],"collection":[{"href":"https:\/\/cormashop.com.mx\/index.php\/wp-json\/wp\/v2\/product"}],"about":[{"href":"https:\/\/cormashop.com.mx\/index.php\/wp-json\/wp\/v2\/types\/product"}],"replies":[{"embeddable":true,"href":"https:\/\/cormashop.com.mx\/index.php\/wp-json\/wp\/v2\/comments?post=2710"}],"wp:featuredmedia":[{"embeddable":true,"href":"https:\/\/cormashop.com.mx\/index.php\/wp-json\/wp\/v2\/media\/2711"}],"wp:attachment":[{"href":"https:\/\/cormashop.com.mx\/index.php\/wp-json\/wp\/v2\/media?parent=2710"}],"wp:term":[{"taxonomy":"product_cat","embeddable":true,"href":"https:\/\/cormashop.com.mx\/index.php\/wp-json\/wp\/v2\/product_cat?post=2710"},{"taxonomy":"product_tag","embeddable":true,"href":"https:\/\/cormashop.com.mx\/index.php\/wp-json\/wp\/v2\/product_tag?post=2710"}],"curies":[{"name":"wp","href":"https:\/\/api.w.org\/{rel}","templated":true}]}}