{"id":2716,"date":"2022-05-10T08:08:10","date_gmt":"2022-05-10T08:08:10","guid":{"rendered":"https:\/\/cormashop.com.mx\/?post_type=product&#038;p=2716"},"modified":"2025-04-29T19:13:04","modified_gmt":"2025-04-29T19:13:04","slug":"motero-barrera-de-fuego-3m-20kg","status":"publish","type":"product","link":"https:\/\/cormashop.com.mx\/index.php\/product\/motero-barrera-de-fuego-3m-20kg\/","title":{"rendered":"MORTERO BARRERA DE FUEGO 3M (20KG)"},"content":{"rendered":"<p><b>MOTERO BARRERA DE FUEGO CEMENTOSO DE BAJO PESO CON UNA EXCELENTE ADHESI\u00d3N AL CONCRETO, METALES, MADERA, PL\u00c1STICO Y RECUBIERTA DE CABLES.<\/b><\/p>\n","protected":false},"excerpt":{"rendered":"<ul class=\"MMM--pdpList SNAPS--bullets\">\n<li>\n<p class=\"p1\">98040056073<\/p>\n<\/li>\n<li>Clasificaci\u00f3n de hasta 3 horas de protecci\u00f3n contra incendio probado por est\u00e1ndar ASTM E-814 (UL 1479) &amp; CAN\/ULC S115<\/li>\n<li>Excelente adhesi\u00f3n (concreto, metal, madera, pl\u00e1stico y forro de cables)<\/li>\n<li>F\u00e1cil de limpiar<\/li>\n<li>Libre de hal\u00f3genos.<\/li>\n<\/ul>\n<p class=\"SNAPS--pdpTabDes\">Es un cemento de bajo peso con excelente adhesi\u00f3n, se aplica en penetraciones mec\u00e1nicas y el\u00e9ctricas con pisos y paredes calificadas contra fuego.<\/p>\n<h4 class=\"MMM--hdg MMM--pdpTabVr SNAPS--pdpTabVr\">Aplicaciones sugeridas<\/h4>\n<ul class=\"MMM--pdpList SNAPS--bullets\">\n<li>en penetraciones mec\u00e1nicas y el\u00e9ctricas con pisos y paredes calificadas contra fuego<\/li>\n<\/ul>\n","protected":false},"featured_media":2717,"comment_status":"open","ping_status":"closed","template":"","meta":[],"product_cat":[67],"product_tag":[84,86,85,83,87],"class_list":["post-2716","product","type-product","status-publish","has-post-thumbnail","hentry","product_cat-3m","product_tag-cp25","product_tag-elastomerica","product_tag-fire-barrier","product_tag-masilla","product_tag-mortero"],"_links":{"self":[{"href":"https:\/\/cormashop.com.mx\/index.php\/wp-json\/wp\/v2\/product\/2716","targetHints":{"allow":["GET"]}}],"collection":[{"href":"https:\/\/cormashop.com.mx\/index.php\/wp-json\/wp\/v2\/product"}],"about":[{"href":"https:\/\/cormashop.com.mx\/index.php\/wp-json\/wp\/v2\/types\/product"}],"replies":[{"embeddable":true,"href":"https:\/\/cormashop.com.mx\/index.php\/wp-json\/wp\/v2\/comments?post=2716"}],"wp:featuredmedia":[{"embeddable":true,"href":"https:\/\/cormashop.com.mx\/index.php\/wp-json\/wp\/v2\/media\/2717"}],"wp:attachment":[{"href":"https:\/\/cormashop.com.mx\/index.php\/wp-json\/wp\/v2\/media?parent=2716"}],"wp:term":[{"taxonomy":"product_cat","embeddable":true,"href":"https:\/\/cormashop.com.mx\/index.php\/wp-json\/wp\/v2\/product_cat?post=2716"},{"taxonomy":"product_tag","embeddable":true,"href":"https:\/\/cormashop.com.mx\/index.php\/wp-json\/wp\/v2\/product_tag?post=2716"}],"curies":[{"name":"wp","href":"https:\/\/api.w.org\/{rel}","templated":true}]}}