{"id":2719,"date":"2022-05-10T08:15:57","date_gmt":"2022-05-10T08:15:57","guid":{"rendered":"https:\/\/cormashop.com.mx\/?post_type=product&#038;p=2719"},"modified":"2025-04-29T19:13:04","modified_gmt":"2025-04-29T19:13:04","slug":"lamina-intumescente-cs195","status":"publish","type":"product","link":"https:\/\/cormashop.com.mx\/index.php\/product\/lamina-intumescente-cs195\/","title":{"rendered":"L\u00e1mina Intumescente CS195+"},"content":{"rendered":"<ul class=\"MMM--pdpList SNAPS--bullets\">\n<li>\n<p class=\"p1\">98040024097<\/p>\n<\/li>\n<li>Clasificaci\u00f3n de hasta 4 horas de protecci\u00f3n contra incendio probado por est\u00e1ndar ASTM E-814 (ANSI\/UL 1479)<\/li>\n<li>Intumescente: forma un carb\u00f3n duro que sella herm\u00e9ticamente los penetrantes del hueco contra la propagaci\u00f3n de las llamas, el humo y gases t\u00f3xicos<\/li>\n<li>T\u00e9rmicamente conductora, permite el escape de la acumulaci\u00f3n de calor no deseada.<\/li>\n<li>Clasificaci\u00f3n UL<\/li>\n<li>Re entrable, reutilizable en caso de cambiar penetrantes.<\/li>\n<li>F\u00e1cil de instalar con herramientas comunes<\/li>\n<li>Vers\u00e1til, puede ser cortada para adaptarla a formas irregulares.<\/li>\n<li>Procedimientos de desecho normales<\/li>\n<\/ul>\n","protected":false},"excerpt":{"rendered":"<p class=\"SNAPS--pdpTabDes\">3M\u2122 Fire Barrier L\u00e1mina compuesta intumescente CS-195+ es una l\u00e1mina ligera que combina cuatro componentes en un solo sistema para ayudar a retardar la propagaci\u00f3n del fuego, el humo y los gases nocivos.<\/p>\n<p class=\"SNAPS--pdpTabDes\">Las hojas combinan acero calibre 28, material intumescente, malla de alambre y papel de aluminio. Son f\u00e1ciles de manejar e instalar con herramientas comerciales comunes.<\/p>\n<p class=\"SNAPS--pdpTabDes\">La l\u00e1mina es resistente al fuego hasta por 4 horas.<\/p>\n<p class=\"SNAPS--pdpTabDes\">L\u00e1mina de acero galvanizado, resistente al fuego, de f\u00e1cil manejo y reposicionable. Sella penetraciones a trav\u00e9s de paredes y pisos, charolas de cables, tuber\u00edas y grandes espacios huecos.<\/p>\n<p class=\"SNAPS--pdpTabDes\">Provee hasta 4 horas de protecci\u00f3n contra incendios en sistemas probados.<\/p>\n<p>&nbsp;<\/p>\n","protected":false},"featured_media":2720,"comment_status":"open","ping_status":"closed","template":"","meta":[],"product_cat":[67],"product_tag":[84,86,85,88,83],"class_list":["post-2719","product","type-product","status-publish","has-post-thumbnail","hentry","product_cat-3m","product_tag-cp25","product_tag-elastomerica","product_tag-fire-barrier","product_tag-lamina-galvanizada","product_tag-masilla"],"_links":{"self":[{"href":"https:\/\/cormashop.com.mx\/index.php\/wp-json\/wp\/v2\/product\/2719","targetHints":{"allow":["GET"]}}],"collection":[{"href":"https:\/\/cormashop.com.mx\/index.php\/wp-json\/wp\/v2\/product"}],"about":[{"href":"https:\/\/cormashop.com.mx\/index.php\/wp-json\/wp\/v2\/types\/product"}],"replies":[{"embeddable":true,"href":"https:\/\/cormashop.com.mx\/index.php\/wp-json\/wp\/v2\/comments?post=2719"}],"wp:featuredmedia":[{"embeddable":true,"href":"https:\/\/cormashop.com.mx\/index.php\/wp-json\/wp\/v2\/media\/2720"}],"wp:attachment":[{"href":"https:\/\/cormashop.com.mx\/index.php\/wp-json\/wp\/v2\/media?parent=2719"}],"wp:term":[{"taxonomy":"product_cat","embeddable":true,"href":"https:\/\/cormashop.com.mx\/index.php\/wp-json\/wp\/v2\/product_cat?post=2719"},{"taxonomy":"product_tag","embeddable":true,"href":"https:\/\/cormashop.com.mx\/index.php\/wp-json\/wp\/v2\/product_tag?post=2719"}],"curies":[{"name":"wp","href":"https:\/\/api.w.org\/{rel}","templated":true}]}}