{"id":2728,"date":"2022-05-10T08:59:03","date_gmt":"2022-05-10T08:59:03","guid":{"rendered":"https:\/\/cormashop.com.mx\/?post_type=product&#038;p=2728"},"modified":"2025-04-29T19:13:04","modified_gmt":"2025-04-29T19:13:04","slug":"promotor-de-adhesion-94-primer-3m-scotch-weld-3-78l","status":"publish","type":"product","link":"https:\/\/cormashop.com.mx\/index.php\/product\/promotor-de-adhesion-94-primer-3m-scotch-weld-3-78l\/","title":{"rendered":"PROMOTOR DE ADHESI\u00d3N  94 PRIMER 3M SCOTCH-WELD (3.78L)"},"content":{"rendered":"<ul class=\"MMM--pdpList SNAPS--bullets\">\n<li>Promover la adhesi\u00f3n de la cinta 3M VHB<\/li>\n<li>Para usar en muchos sustratos de pl\u00e1stico, caucho, metal pintado y desnudo<\/li>\n<li>Industrias en general<\/li>\n<li>Imprimante, promueve la adhesi\u00f3n<\/li>\n<li>Se seca y queda un acabado transparente<\/li>\n<li>Se limpia con alcohol isoprop\u00edlico<\/li>\n<li>\n<p class=\"p1\">70016054762<\/p>\n<\/li>\n<\/ul>\n","protected":false},"excerpt":{"rendered":"<p class=\"SNAPS--pdpTabDes\">Promotor de adhesi\u00f3n para cintas doble contacto<\/p>\n<p class=\"MMM--gapBottom\"><strong class=\"MMM--txt_bold\">Se seca en minutos para un uso eficiente<\/strong><br \/>\nAseg\u00farate de que la superficie est\u00e9 limpia y seca antes de aplicar una capa fina y uniforme.<\/p>\n<p class=\"MMM--gapBottom\">La superficie tratada debe permanecer libre de contaminantes antes de aplicar la cinta.<\/p>\n<p class=\"MMM--gapBottom\">Es importante utilizar la cantidad m\u00ednima necesaria de producto, ya que la sobreaplicaci\u00f3n puede causar resultados sub\u00f3ptimos.<\/p>\n<p class=\"MMM--gapBottom\">Permite que la imprimaci\u00f3n se seque por completo, lo cual, generalmente, se logra en 5 minutos a temperatura ambiente, antes de aplicar la cinta.<\/p>\n<p class=\"MMM--gapBottom\">Nota especial: Las superficies porosas pueden requerir 2 aplicaciones para una cobertura uniforme y una buena adhesi\u00f3n.<\/p>\n<p class=\"MMM--gapBottom\">Espera a que tu primera aplicaci\u00f3n de imprimaci\u00f3n se seque antes de aplicar una segunda capa.<\/p>\n","protected":false},"featured_media":2727,"comment_status":"open","ping_status":"closed","template":"","meta":[],"product_cat":[67],"product_tag":[95,96,94],"class_list":["post-2728","product","type-product","status-publish","has-post-thumbnail","hentry","product_cat-3m","product_tag-primer-94","product_tag-promotor","product_tag-scotch-weld"],"_links":{"self":[{"href":"https:\/\/cormashop.com.mx\/index.php\/wp-json\/wp\/v2\/product\/2728","targetHints":{"allow":["GET"]}}],"collection":[{"href":"https:\/\/cormashop.com.mx\/index.php\/wp-json\/wp\/v2\/product"}],"about":[{"href":"https:\/\/cormashop.com.mx\/index.php\/wp-json\/wp\/v2\/types\/product"}],"replies":[{"embeddable":true,"href":"https:\/\/cormashop.com.mx\/index.php\/wp-json\/wp\/v2\/comments?post=2728"}],"wp:featuredmedia":[{"embeddable":true,"href":"https:\/\/cormashop.com.mx\/index.php\/wp-json\/wp\/v2\/media\/2727"}],"wp:attachment":[{"href":"https:\/\/cormashop.com.mx\/index.php\/wp-json\/wp\/v2\/media?parent=2728"}],"wp:term":[{"taxonomy":"product_cat","embeddable":true,"href":"https:\/\/cormashop.com.mx\/index.php\/wp-json\/wp\/v2\/product_cat?post=2728"},{"taxonomy":"product_tag","embeddable":true,"href":"https:\/\/cormashop.com.mx\/index.php\/wp-json\/wp\/v2\/product_tag?post=2728"}],"curies":[{"name":"wp","href":"https:\/\/api.w.org\/{rel}","templated":true}]}}