{"id":2731,"date":"2022-05-10T09:06:56","date_gmt":"2022-05-10T09:06:56","guid":{"rendered":"https:\/\/cormashop.com.mx\/?post_type=product&#038;p=2731"},"modified":"2025-04-29T19:13:04","modified_gmt":"2025-04-29T19:13:04","slug":"adhesivo-en-spray-transparente-foam-fast-74","status":"publish","type":"product","link":"https:\/\/cormashop.com.mx\/index.php\/product\/adhesivo-en-spray-transparente-foam-fast-74\/","title":{"rendered":"Adhesivo en Spray Transparente Foam Fast 74"},"content":{"rendered":"<p>El 3M\u2122 Adhesivo en Spray Foam Fast 74 es un adhesivo de uni\u00f3n en espuma de r\u00e1pido agarre en un pr\u00e1ctico bote de aerosol.<\/p>\n<p>&nbsp;<\/p>\n<ul class=\"MMM--pdpList SNAPS--bullets\">\n<li>L\u00ednea de pegamento suave y continua.<\/li>\n<li>Patr\u00f3n de rociado tipo neblina.<\/li>\n<li>Muebles, tapicer\u00eda, industria naval, industria automotriz, fabricaci\u00f3n de asientos y sillas, ac\u00fastica, veh\u00edculos especializados y ropa de cama.<\/li>\n<li>Uni\u00f3n, fijaci\u00f3n, adherencia, cierre, sujeci\u00f3n, pegado, agarre, montaje, colgado.<\/li>\n<li>R\u00e1pida adherencia con espuma resistente al desgarro.<\/li>\n<\/ul>\n<p class=\"MMM--gapBottom\"><strong class=\"MMM--txt_bold\">Aplicaciones recomendadas<\/strong><\/p>\n<ul class=\"MMM--pdpList SNAPS--bullets\">\n<li>Tapicer\u00eda general<\/li>\n<li>Laminaci\u00f3n de espuma<\/li>\n<li>Fijaci\u00f3n de espuma y tela a madera y otros sustratos<\/li>\n<li>Ideal para manualidades y pasatiempos<\/li>\n<li>Instalaci\u00f3n de paneles ac\u00fasticos<\/li>\n<\/ul>\n","protected":false},"excerpt":{"rendered":"<p class=\"MMM--gapBottom\"><strong class=\"MMM--txt_bold\">De acci\u00f3n r\u00e1pida y larga duraci\u00f3n.<\/strong><\/p>\n<p class=\"MMM--gapBottom\">El adhesivo en aerosol 3M\u2122 Foam Fast 74 es un miembro de largo plazo de la cartera de adhesivos de 3M de uso cotidiano que muchos consideran necesarios en la f\u00e1brica.<\/p>\n<p class=\"MMM--gapBottom\">Para muchos, &#8220;terminar un trabajo&#8221; est\u00e1 a solo un espray de distancia.<\/p>\n<p class=\"MMM--gapBottom\">Nuestro adhesivo en aerosol 3M\u2122 Foam Fast 74 tiene una adherencia agresiva que ofrece una gran adherencia inicial con resistencia al desgarro de la espuma, pero que permite suficiente tiempo de apertura para colocar los materiales correctamente.<\/p>\n<p class=\"MMM--gapBottom\">El alto contenido de s\u00f3lidos es compatible con su baja propiedad de absorci\u00f3n para encontrar el mejor ajuste para tus piezas.<\/p>\n<p class=\"MMM--gapBottom\">Este atributo tambi\u00e9n proporciona una cobertura m\u00e1s alta que los adhesivos en aerosol de la competencia y ayuda a crear l\u00edneas de pegamento suaves y sin burbujas de aire.<\/p>\n<p class=\"MMM--gapBottom\">El patr\u00f3n de pulverizaci\u00f3n de su adhesivo no amarillento, combinado con su adherencia r\u00e1pida, adhesi\u00f3n fuerte y aspecto limpio, lo hacen ideal para proyectos de todo tipo.<\/p>\n<p class=\"MMM--gapBottom\">El adhesivo en aerosol 3M\u2122 Foam Fast 74 tambi\u00e9n se ofrece en aerosoles con bajo contenido de VOC, as\u00ed como en cilindros no inflamables y a granel.<\/p>\n","protected":false},"featured_media":2732,"comment_status":"open","ping_status":"closed","template":"","meta":[],"product_cat":[74,67],"product_tag":[98,97,99,100],"class_list":["post-2731","product","type-product","status-publish","has-post-thumbnail","hentry","product_cat-adhesivos","product_cat-3m","product_tag-adhesivo","product_tag-fast-74","product_tag-spray","product_tag-super-77"],"_links":{"self":[{"href":"https:\/\/cormashop.com.mx\/index.php\/wp-json\/wp\/v2\/product\/2731","targetHints":{"allow":["GET"]}}],"collection":[{"href":"https:\/\/cormashop.com.mx\/index.php\/wp-json\/wp\/v2\/product"}],"about":[{"href":"https:\/\/cormashop.com.mx\/index.php\/wp-json\/wp\/v2\/types\/product"}],"replies":[{"embeddable":true,"href":"https:\/\/cormashop.com.mx\/index.php\/wp-json\/wp\/v2\/comments?post=2731"}],"wp:featuredmedia":[{"embeddable":true,"href":"https:\/\/cormashop.com.mx\/index.php\/wp-json\/wp\/v2\/media\/2732"}],"wp:attachment":[{"href":"https:\/\/cormashop.com.mx\/index.php\/wp-json\/wp\/v2\/media?parent=2731"}],"wp:term":[{"taxonomy":"product_cat","embeddable":true,"href":"https:\/\/cormashop.com.mx\/index.php\/wp-json\/wp\/v2\/product_cat?post=2731"},{"taxonomy":"product_tag","embeddable":true,"href":"https:\/\/cormashop.com.mx\/index.php\/wp-json\/wp\/v2\/product_tag?post=2731"}],"curies":[{"name":"wp","href":"https:\/\/api.w.org\/{rel}","templated":true}]}}