{"id":2733,"date":"2022-05-10T09:13:29","date_gmt":"2022-05-10T09:13:29","guid":{"rendered":"https:\/\/cormashop.com.mx\/?post_type=product&#038;p=2733"},"modified":"2025-04-29T19:13:03","modified_gmt":"2025-04-29T19:13:03","slug":"cinta-electrica-de-vinil-scotch-super-33","status":"publish","type":"product","link":"https:\/\/cormashop.com.mx\/index.php\/product\/cinta-electrica-de-vinil-scotch-super-33\/","title":{"rendered":"Cinta El\u00e9ctrica de Vinil Scotch\u00ae SUPER 33"},"content":{"rendered":"<ul class=\"MMM--pdpList SNAPS--bullets\">\n<li>Autoextinguible<\/li>\n<li>Adhesivo sensitivo a la presi\u00f3n base hule-resina baquelizado<\/li>\n<li>Compatible con el aislamiento de cables diel\u00e9ctricos s\u00f3lidos.<\/li>\n<li>Inhibe la corrosi\u00f3n de conductores el\u00e9ctricos<\/li>\n<li>Respaldo de Policloruro de Vinilo (PVC)<\/li>\n<li>Cumple con la NMX-J-541\/3-1-ANCE-2004 Cintas aislantes para prop\u00f3sitos el\u00e9ctricos. Parte 3-1: Cintas con respaldo de PVC con adhesivo sensitivo a la presi\u00f3n.<\/li>\n<li>ME900103271<\/li>\n<\/ul>\n","protected":false},"excerpt":{"rendered":"<p class=\"SNAPS--pdpTabDes\">La cinta el\u00e9ctrica Scotch S\u00faper 33 es una cinta de calidad premium.<\/p>\n<p>&nbsp;<\/p>\n<p class=\"SNAPS--pdpTabDes\">Es una cinta aislante de vinilo dise\u00f1ada para operar continuamente a una temperatura de hasta 90\u00b0C y en condici\u00f3n emergente hasta 105\u00b0C una tensi\u00f3n de 600 V.<\/p>\n<p>&nbsp;<\/p>\n<p class=\"SNAPS--pdpTabDes\">Tiene una excelente resistencia a la abrasi\u00f3n, humedad, \u00e1lcalis, \u00e1cidos, corrosi\u00f3n de cobre y variadas condiciones clim\u00e1ticas (incluyendo la luz solar).<\/p>\n<p>&nbsp;<\/p>\n<p class=\"SNAPS--pdpTabDes\">Es una cinta de Policloruro de Vinilo (PVC) que posee una alta resistencia diel\u00e9ctrica, retarda las llamas y es conformable, brindando una excelente protecci\u00f3n mec\u00e1nica con un m\u00ednimo volumen.<\/p>\n<p>&nbsp;<\/p>\n<p class=\"SNAPS--pdpTabDes\">Es una cinta aislante certificada por UL. (UL Listed), NMX, RoHS.<\/p>\n","protected":false},"featured_media":2734,"comment_status":"open","ping_status":"closed","template":"","meta":[],"product_cat":[73,67],"product_tag":[102,104,103,101],"class_list":["post-2733","product","type-product","status-publish","has-post-thumbnail","hentry","product_cat-herramientas","product_cat-3m","product_tag-cinta-adhesiva","product_tag-cinta-de-vinilo","product_tag-pvc","product_tag-super-33"],"_links":{"self":[{"href":"https:\/\/cormashop.com.mx\/index.php\/wp-json\/wp\/v2\/product\/2733","targetHints":{"allow":["GET"]}}],"collection":[{"href":"https:\/\/cormashop.com.mx\/index.php\/wp-json\/wp\/v2\/product"}],"about":[{"href":"https:\/\/cormashop.com.mx\/index.php\/wp-json\/wp\/v2\/types\/product"}],"replies":[{"embeddable":true,"href":"https:\/\/cormashop.com.mx\/index.php\/wp-json\/wp\/v2\/comments?post=2733"}],"wp:featuredmedia":[{"embeddable":true,"href":"https:\/\/cormashop.com.mx\/index.php\/wp-json\/wp\/v2\/media\/2734"}],"wp:attachment":[{"href":"https:\/\/cormashop.com.mx\/index.php\/wp-json\/wp\/v2\/media?parent=2733"}],"wp:term":[{"taxonomy":"product_cat","embeddable":true,"href":"https:\/\/cormashop.com.mx\/index.php\/wp-json\/wp\/v2\/product_cat?post=2733"},{"taxonomy":"product_tag","embeddable":true,"href":"https:\/\/cormashop.com.mx\/index.php\/wp-json\/wp\/v2\/product_tag?post=2733"}],"curies":[{"name":"wp","href":"https:\/\/api.w.org\/{rel}","templated":true}]}}