{"id":2740,"date":"2022-05-10T09:30:50","date_gmt":"2022-05-10T09:30:50","guid":{"rendered":"https:\/\/cormashop.com.mx\/?post_type=product&#038;p=2740"},"modified":"2025-04-29T19:13:03","modified_gmt":"2025-04-29T19:13:03","slug":"cinta-electrica-de-vinil-temflex-1600-negro","status":"publish","type":"product","link":"https:\/\/cormashop.com.mx\/index.php\/product\/cinta-electrica-de-vinil-temflex-1600-negro\/","title":{"rendered":"Cinta El\u00e9ctrica de Vinil Temflex\u00ae 1600 &#8211; Negro"},"content":{"rendered":"<p>La cinta se debe aplicar en las capas traslapadas a la mitad con la suficiente tensi\u00f3n para ajustarla y producir una cobertura uniforme.<\/p>\n<p>&nbsp;<\/p>\n<p>En la mayor\u00eda de las aplicaciones, esta tensi\u00f3n reduce el ancho de la cinta a aproximadamente 5\/8 de su ancho original.<\/p>\n<p>&nbsp;<\/p>\n<p>En las uniones en espiral, la cinta se debe envolver m\u00e1s all\u00e1 del extremo de los cables y luego doblarse, lo cual deja un coj\u00edn de protecci\u00f3n para resistir el corte.<\/p>\n<p>&nbsp;<\/p>\n<p>Aplica la cinta sin tensi\u00f3n en la \u00faltima vuelta para evitar que se debilite.<\/p>\n<p>&nbsp;<\/p>\n<ul class=\"MMM--pdpList SNAPS--bullets\">\n<li>Proporciona excelente resistencia a: la abrasi\u00f3n, humedad, \u00e1lcalis, \u00e1cidos y condiciones clim\u00e1ticas extremas (incluida la luz solar).<\/li>\n<li>Apto para usar en la identificaci\u00f3n de fase y codificaci\u00f3n de color de los cables de motor y los sistemas de tuber\u00eda, y para marcar las \u00e1reas de seguridad<\/li>\n<li>Aislamiento el\u00e9ctrico primario para todas las uniones de cables de hasta 600\u00a0voltios.<\/li>\n<li>Forro protector para las uniones y reparaciones de cables de alto voltaje.<\/li>\n<li>Conexi\u00f3n de alambres y cables.<\/li>\n<li>Para aplicaciones en interiores y exteriores.<\/li>\n<\/ul>\n<p>&nbsp;<\/p>\n","protected":false},"excerpt":{"rendered":"<p>La cinta el\u00e9ctrica Temflex\u00ae 1600 es una cinta de aislamiento de vinilo para uso general econ\u00f3mica y de buena calidad.<\/p>\n<p>Cuenta con excelente resistencia a: la abrasi\u00f3n, la humedad, los \u00e1lcalis, los \u00e1cidos y otras condiciones clim\u00e1ticas cambiantes (incluida la luz solar).<\/p>\n<p>Es una cinta de cloruro de polivinilo (PVC) con una alta resistencia diel\u00e9ctrica en h\u00famero, adaptable y proporciona excelente protecci\u00f3n mec\u00e1nica con un volumen m\u00ednimo.<\/p>\n<p>Temflex\u00ae 1600 cumple con los requisitos de BS 3924.<\/p>\n","protected":false},"featured_media":2746,"comment_status":"open","ping_status":"closed","template":"","meta":[],"product_cat":[73,67],"product_tag":[106,107,105],"class_list":["post-2740","product","type-product","status-publish","has-post-thumbnail","hentry","product_cat-herramientas","product_cat-3m","product_tag-106","product_tag-cinta-electrica","product_tag-temflex"],"_links":{"self":[{"href":"https:\/\/cormashop.com.mx\/index.php\/wp-json\/wp\/v2\/product\/2740","targetHints":{"allow":["GET"]}}],"collection":[{"href":"https:\/\/cormashop.com.mx\/index.php\/wp-json\/wp\/v2\/product"}],"about":[{"href":"https:\/\/cormashop.com.mx\/index.php\/wp-json\/wp\/v2\/types\/product"}],"replies":[{"embeddable":true,"href":"https:\/\/cormashop.com.mx\/index.php\/wp-json\/wp\/v2\/comments?post=2740"}],"wp:featuredmedia":[{"embeddable":true,"href":"https:\/\/cormashop.com.mx\/index.php\/wp-json\/wp\/v2\/media\/2746"}],"wp:attachment":[{"href":"https:\/\/cormashop.com.mx\/index.php\/wp-json\/wp\/v2\/media?parent=2740"}],"wp:term":[{"taxonomy":"product_cat","embeddable":true,"href":"https:\/\/cormashop.com.mx\/index.php\/wp-json\/wp\/v2\/product_cat?post=2740"},{"taxonomy":"product_tag","embeddable":true,"href":"https:\/\/cormashop.com.mx\/index.php\/wp-json\/wp\/v2\/product_tag?post=2740"}],"curies":[{"name":"wp","href":"https:\/\/api.w.org\/{rel}","templated":true}]}}