{"id":2747,"date":"2022-05-10T09:38:26","date_gmt":"2022-05-10T09:38:26","guid":{"rendered":"https:\/\/cormashop.com.mx\/?post_type=product&#038;p=2747"},"modified":"2025-04-29T19:13:03","modified_gmt":"2025-04-29T19:13:03","slug":"guantes-de-uso-general-3m-nitrilo-m","status":"publish","type":"product","link":"https:\/\/cormashop.com.mx\/index.php\/product\/guantes-de-uso-general-3m-nitrilo-m\/","title":{"rendered":"Guantes de Uso General 3M\u2122 (Nitrilo) M"},"content":{"rendered":"<p class=\"SNAPS--pdpTabDes\">Los guantes de uso general de 3M \u2122 cuentan con un recubrimiento de nitrilo en la palma que hace de estos guantes una alternativa ligera, flexible, resistente a la abrasi\u00f3n y duradera a muchos guantes de algod\u00f3n y l\u00e1tex recubiertos con palma.<\/p>\n<p class=\"SNAPS--pdpTabDes\">Proporcionan un excelente agarre, incluso en condiciones h\u00famedas o aceitosas.<\/p>\n<p>&nbsp;<\/p>\n<ul class=\"MMM--pdpList SNAPS--bullets\">\n<li>Las aplicaciones t\u00edpicas incluyen manejo general de materiales; manejo de piezas peque\u00f1as; ensamblaje de componentes el\u00e9ctricos; carpinteria, fontaneria y cubiertas.<\/li>\n<li>Tela reutilizable y antitranspirante.<\/li>\n<li>El pu\u00f1o de punto el\u00e1stico es f\u00e1cil de poner y quitar r\u00e1pidamente y evita la entrada de residuos.<\/li>\n<li>De larga duraci\u00f3n y lavable.<\/li>\n<li>Excelente destreza y agarre, incluso en condiciones h\u00famedas o aceitosas.<\/li>\n<\/ul>\n","protected":false},"excerpt":{"rendered":"<p>Los guantes de uso general de 3M \u2122 tienen un forro el\u00e1stico de nylon que le brinda un ajuste transpirable como una &#8220;segunda piel&#8221; y los hace perfectos para trabajos livianos a mediano que requieren un manejo preciso.<\/p>\n<p>Los guantes son lavables y tienen un estilo de pu\u00f1o de mu\u00f1eca.<\/p>\n","protected":false},"featured_media":2749,"comment_status":"open","ping_status":"closed","template":"","meta":[],"product_cat":[73,67],"product_tag":[108,109],"class_list":["post-2747","product","type-product","status-publish","has-post-thumbnail","hentry","product_cat-herramientas","product_cat-3m","product_tag-guantes","product_tag-nitrilo"],"_links":{"self":[{"href":"https:\/\/cormashop.com.mx\/index.php\/wp-json\/wp\/v2\/product\/2747","targetHints":{"allow":["GET"]}}],"collection":[{"href":"https:\/\/cormashop.com.mx\/index.php\/wp-json\/wp\/v2\/product"}],"about":[{"href":"https:\/\/cormashop.com.mx\/index.php\/wp-json\/wp\/v2\/types\/product"}],"replies":[{"embeddable":true,"href":"https:\/\/cormashop.com.mx\/index.php\/wp-json\/wp\/v2\/comments?post=2747"}],"wp:featuredmedia":[{"embeddable":true,"href":"https:\/\/cormashop.com.mx\/index.php\/wp-json\/wp\/v2\/media\/2749"}],"wp:attachment":[{"href":"https:\/\/cormashop.com.mx\/index.php\/wp-json\/wp\/v2\/media?parent=2747"}],"wp:term":[{"taxonomy":"product_cat","embeddable":true,"href":"https:\/\/cormashop.com.mx\/index.php\/wp-json\/wp\/v2\/product_cat?post=2747"},{"taxonomy":"product_tag","embeddable":true,"href":"https:\/\/cormashop.com.mx\/index.php\/wp-json\/wp\/v2\/product_tag?post=2747"}],"curies":[{"name":"wp","href":"https:\/\/api.w.org\/{rel}","templated":true}]}}