{"id":2750,"date":"2022-05-10T09:45:53","date_gmt":"2022-05-10T09:45:53","guid":{"rendered":"https:\/\/cormashop.com.mx\/?post_type=product&#038;p=2750"},"modified":"2025-04-29T19:13:03","modified_gmt":"2025-04-29T19:13:03","slug":"spray-barniz-aislante-scotch-transparente","status":"publish","type":"product","link":"https:\/\/cormashop.com.mx\/index.php\/product\/spray-barniz-aislante-scotch-transparente\/","title":{"rendered":"SPRAY BARNIZ AISLANTE SCOTCH \/ TRANSPARENTE"},"content":{"rendered":"<p>Este sellador protege las superficies contra el ambiente, la temperatura, la corrosi\u00f3n, el aceite, los \u00e1lcalis y los \u00e1cidos.<\/p>\n<p>&nbsp;<\/p>\n<p>Los aerosoles pueden permitirse el f\u00e1cil acceso a los puntos dif\u00edciles de alcanzar. Use selladores de aislamiento por pulverizaci\u00f3n para rociar sobre el aislamiento en empalmes de alambre o cable, como sellador de uso general, para aislamiento de retoque en bobinados de motor y marcos.<\/p>\n","protected":false},"excerpt":{"rendered":"<ul class=\"MMM--pdpList SNAPS--bullets\">\n<li>Protegen las superficies contra el clima, la humedad, la corrosi\u00f3n, aceites, \u00e1lcalis y \u00e1cidos<\/li>\n<li>Disponible en color transparente (1601) y en color rojo (1602-R)<\/li>\n<\/ul>\n<p>&nbsp;<\/p>\n","protected":false},"featured_media":2752,"comment_status":"open","ping_status":"closed","template":"","meta":[],"product_cat":[67],"product_tag":[110],"class_list":["post-2750","product","type-product","status-publish","has-post-thumbnail","hentry","product_cat-3m","product_tag-spray-barniz"],"_links":{"self":[{"href":"https:\/\/cormashop.com.mx\/index.php\/wp-json\/wp\/v2\/product\/2750","targetHints":{"allow":["GET"]}}],"collection":[{"href":"https:\/\/cormashop.com.mx\/index.php\/wp-json\/wp\/v2\/product"}],"about":[{"href":"https:\/\/cormashop.com.mx\/index.php\/wp-json\/wp\/v2\/types\/product"}],"replies":[{"embeddable":true,"href":"https:\/\/cormashop.com.mx\/index.php\/wp-json\/wp\/v2\/comments?post=2750"}],"wp:featuredmedia":[{"embeddable":true,"href":"https:\/\/cormashop.com.mx\/index.php\/wp-json\/wp\/v2\/media\/2752"}],"wp:attachment":[{"href":"https:\/\/cormashop.com.mx\/index.php\/wp-json\/wp\/v2\/media?parent=2750"}],"wp:term":[{"taxonomy":"product_cat","embeddable":true,"href":"https:\/\/cormashop.com.mx\/index.php\/wp-json\/wp\/v2\/product_cat?post=2750"},{"taxonomy":"product_tag","embeddable":true,"href":"https:\/\/cormashop.com.mx\/index.php\/wp-json\/wp\/v2\/product_tag?post=2750"}],"curies":[{"name":"wp","href":"https:\/\/api.w.org\/{rel}","templated":true}]}}