{"id":2753,"date":"2022-05-10T09:58:34","date_gmt":"2022-05-10T09:58:34","guid":{"rendered":"https:\/\/cormashop.com.mx\/?post_type=product&#038;p=2753"},"modified":"2025-04-29T19:13:02","modified_gmt":"2025-04-29T19:13:02","slug":"dual-lock-sj3781-025x45-7mt","status":"publish","type":"product","link":"https:\/\/cormashop.com.mx\/index.php\/product\/dual-lock-sj3781-025x45-7mt\/","title":{"rendered":"DUAL LOCK SJ3781  .025X45.7MT"},"content":{"rendered":"<p class=\"tw-data-text tw-text-large tw-ta\" dir=\"ltr\" data-placeholder=\"Traducci\u00f3n\"><span class=\"Y2IQFc\" lang=\"es\">Doble El sujetador de bloqueo SJ3781 supera los problemas de alineaci\u00f3n e instalaci\u00f3n a menudo dif\u00edciles de tornillos y sujetadores ocultos, ofreciendo una instalaci\u00f3n simple sin necesidad de herramientas adicionales.<\/span><\/p>\n<p class=\"tw-data-text tw-text-large tw-ta\" dir=\"ltr\" data-placeholder=\"Traducci\u00f3n\"><span class=\"Y2IQFc\" lang=\"es\"> Los sujetadores que se pueden volver a cerrar Dual Lock\u2122 de 3M\u2122 son sujetadores ciegos de bloqueo positivo dise\u00f1ados para unir componentes de molduras automotrices. <\/span><\/p>\n<p class=\"tw-data-text tw-text-large tw-ta\" dir=\"ltr\" data-placeholder=\"Traducci\u00f3n\"><span class=\"Y2IQFc\" lang=\"es\">Los productos cuentan con v\u00e1stagos de poliolefina en forma de hongo que se encajan entre s\u00ed, formando un cierre de alta resistencia a la tracci\u00f3n. <\/span><\/p>\n<p class=\"tw-data-text tw-text-large tw-ta\" dir=\"ltr\" data-placeholder=\"Traducci\u00f3n\"><span class=\"Y2IQFc\" lang=\"es\">Los sujetadores Dual Lock se utilizan principalmente para asegurar superficies r\u00edgidas y semirr\u00edgidas, como molduras o paneles de puertas, biseles de paneles de instrumentos, techos y otras molduras interiores y exteriores de autom\u00f3viles.<\/span><\/p>\n<p>&nbsp;<\/p>\n<div id=\"tw-target-text-container\" class=\"tw-ta-container F0azHf tw-nfl\" tabindex=\"0\">\n<ul>\n<li id=\"tw-target-text\" class=\"tw-data-text tw-text-large tw-ta\" dir=\"ltr\" data-placeholder=\"Traducci\u00f3n\"><span class=\"Y2IQFc\" lang=\"es\">Las cabezas de hongo entrelazadas permiten flexibilidad en la alineaci\u00f3n para una f\u00e1cil conexi\u00f3n de los componentes <\/span><\/li>\n<li class=\"tw-data-text tw-text-large tw-ta\" dir=\"ltr\" data-placeholder=\"Traducci\u00f3n\"><span class=\"Y2IQFc\" lang=\"es\">Se puede abrir y volver a cerrar en aplicaciones de ciclo alto <\/span><\/li>\n<li class=\"tw-data-text tw-text-large tw-ta\" dir=\"ltr\" data-placeholder=\"Traducci\u00f3n\"><span class=\"Y2IQFc\" lang=\"es\">El accesorio de componente oculto permite una superficie de exhibici\u00f3n limpia <\/span><\/li>\n<li class=\"tw-data-text tw-text-large tw-ta\" dir=\"ltr\" data-placeholder=\"Traducci\u00f3n\"><span class=\"Y2IQFc\" lang=\"es\">El fuerte poder de sujeci\u00f3n reduce el traqueteo y la vibraci\u00f3n de los componentes. <\/span><\/li>\n<li class=\"tw-data-text tw-text-large tw-ta\" dir=\"ltr\" data-placeholder=\"Traducci\u00f3n\"><span class=\"Y2IQFc\" lang=\"es\">No requiere ninguna herramienta especial o equipo de procesamiento para la instalaci\u00f3n <\/span><\/li>\n<li class=\"tw-data-text tw-text-large tw-ta\" dir=\"ltr\" data-placeholder=\"Traducci\u00f3n\"><span class=\"Y2IQFc\" lang=\"es\">Puede unir componentes antes de ingresar a la planta de ensamblaje final, lo que ayuda a reducir las piezas y el tiempo de ensamblaje <\/span><\/li>\n<li class=\"tw-data-text tw-text-large tw-ta\" dir=\"ltr\" data-placeholder=\"Traducci\u00f3n\"><span class=\"Y2IQFc\" lang=\"es\">Se ajusta de forma audible para formar un accesorio seguro, confiable y repetible <\/span><\/li>\n<li class=\"tw-data-text tw-text-large tw-ta\" dir=\"ltr\" data-placeholder=\"Traducci\u00f3n\"><span class=\"Y2IQFc\" lang=\"es\">Se acopla con otras densidades de v\u00e1stago para lograr una variedad de fuerzas de acoplamiento y desacoplamiento<\/span><\/li>\n<\/ul>\n<\/div>\n<pre id=\"tw-target-rmn\" class=\"tw-data-placeholder tw-text-small tw-ta\" dir=\"ltr\" data-placeholder=\"\"><\/pre>\n<div class=\"dlJLJe\">\n<div data-cviv=\"false\" data-ved=\"2ahUKEwiftf-01NT3AhVvrmoFHY6eC7QQz_AEegQIAhAP\">\n<div class=\"U9URNb\"><img loading=\"lazy\" decoding=\"async\" id=\"dimg_3\" class=\"YQ4gaf zr758c wA1Bge\" src=\"data:image\/png;base64,iVBORw0KGgoAAAANSUhEUgAAABQAAAAUCAQAAAAngNWGAAABDUlEQVR4AYXRgUZDYRjH4TegFTKgpEqiFJgoWAoMEQGBgBboChaaAKxLKAhAhQqAdAmpBIQolkCFqp2nITvNKXuA7+\/Hhzey5OWjE4Nq3rzY1f9\/NGHPB549492+8Ww060iCS2XdctZdI3GsECmb+HJoIX6x6EgDm+lURTH+YB7V9nAqE5WNme4YKuOiY6iMe6PaQxUUIuTbswgFVNJwA8sO3Bn6yR6bWZMSNtJwDtuWfHpQxaPx9C9zadil7jrCigbq6UXceNIVKTWUIqypm2ytJdTiNyNeXclF6GttOVfeDEc7qzjR23r3OMFqZKng1kw0mXGLrfibHTScOZWgGv9TdC6ROFeMTgwYiIxvJzMRWQbeGZUAAAAASUVORK5CYII=\" alt=\"\u00cdcono de validado por la comunidad\" width=\"16\" height=\"16\" data-atf=\"0\" data-frt=\"0\" \/><\/div>\n<\/div>\n<\/div>\n<div id=\"tw-tmenu\" class=\"tw-menu\"><\/div>\n<p class=\"tw-data-text tw-text-large tw-ta\" dir=\"ltr\" data-placeholder=\"Traducci\u00f3n\">\n","protected":false},"excerpt":{"rendered":"<p id=\"tw-target-text\" class=\"tw-data-text tw-text-large tw-ta\" dir=\"ltr\" data-placeholder=\"Traducci\u00f3n\"><span class=\"Y2IQFc\" lang=\"es\">El sujetador que se puede volver a cerrar Dual Lock\u2122 de 3M\u2122 SJ3781 es un rollo de sujetador que se puede volver a cerrar de polipropileno negro con adhesivo sensible a la presi\u00f3n. <\/span><\/p>\n<p class=\"tw-data-text tw-text-large tw-ta\" dir=\"ltr\" data-placeholder=\"Traducci\u00f3n\"><span class=\"Y2IQFc\" lang=\"es\">Este sujetador est\u00e1 disponible en varios anchos y tiene una densidad de tallos de 250 tallos por pulgada cuadrada. El sujetador recerrable 3M\u2122 Dual Lock\u2122 SJ3781 es un rollo negro con adhesivo sensible a la presi\u00f3n y una densidad de v\u00e1stago de 250. <\/span><\/p>\n<p class=\"tw-data-text tw-text-large tw-ta\" dir=\"ltr\" data-placeholder=\"Traducci\u00f3n\"><span class=\"Y2IQFc\" lang=\"es\">El adhesivo sensible a la presi\u00f3n combina las caracter\u00edsticas del sujetador Dual Lock con la cinta de espuma acr\u00edlica para automoci\u00f3n de 3M para sujetar el sujetador recerrable 3M\u2122 Dual Lock\u2122 (PDF, 215,81 Kb) SJ3781 es un rollo negro con adhesivo sensible a la presi\u00f3n y una densidad de v\u00e1stago de 250. <\/span><\/p>\n<p class=\"tw-data-text tw-text-large tw-ta\" dir=\"ltr\" data-placeholder=\"Traducci\u00f3n\">\n","protected":false},"featured_media":2754,"comment_status":"open","ping_status":"closed","template":"","meta":[],"product_cat":[67],"product_tag":[112,111],"class_list":["post-2753","product","type-product","status-publish","has-post-thumbnail","hentry","product_cat-3m","product_tag-dual-lock","product_tag-sj3781"],"_links":{"self":[{"href":"https:\/\/cormashop.com.mx\/index.php\/wp-json\/wp\/v2\/product\/2753","targetHints":{"allow":["GET"]}}],"collection":[{"href":"https:\/\/cormashop.com.mx\/index.php\/wp-json\/wp\/v2\/product"}],"about":[{"href":"https:\/\/cormashop.com.mx\/index.php\/wp-json\/wp\/v2\/types\/product"}],"replies":[{"embeddable":true,"href":"https:\/\/cormashop.com.mx\/index.php\/wp-json\/wp\/v2\/comments?post=2753"}],"wp:featuredmedia":[{"embeddable":true,"href":"https:\/\/cormashop.com.mx\/index.php\/wp-json\/wp\/v2\/media\/2754"}],"wp:attachment":[{"href":"https:\/\/cormashop.com.mx\/index.php\/wp-json\/wp\/v2\/media?parent=2753"}],"wp:term":[{"taxonomy":"product_cat","embeddable":true,"href":"https:\/\/cormashop.com.mx\/index.php\/wp-json\/wp\/v2\/product_cat?post=2753"},{"taxonomy":"product_tag","embeddable":true,"href":"https:\/\/cormashop.com.mx\/index.php\/wp-json\/wp\/v2\/product_tag?post=2753"}],"curies":[{"name":"wp","href":"https:\/\/api.w.org\/{rel}","templated":true}]}}