{"id":2756,"date":"2022-05-10T10:06:21","date_gmt":"2022-05-10T10:06:21","guid":{"rendered":"https:\/\/cormashop.com.mx\/?post_type=product&#038;p=2756"},"modified":"2025-04-29T19:13:02","modified_gmt":"2025-04-29T19:13:02","slug":"scotch-brite-almohadilla-de-mano-de-uso-pesado-7440","status":"publish","type":"product","link":"https:\/\/cormashop.com.mx\/index.php\/product\/scotch-brite-almohadilla-de-mano-de-uso-pesado-7440\/","title":{"rendered":"Scotch-Brite\u00ae Almohadilla de Mano de Uso Pesado 7440"},"content":{"rendered":"<p><span class=\"MMM--txt_bold\"><strong>Industrias<\/strong><\/p>\n<p>Aeroespacial<\/span><span class=\"MMM--txt_bold\">, <\/span><span class=\"MMM--txt_bold\">AOEM<\/span><span class=\"MMM--txt_bold\">, <\/span><span class=\"MMM--txt_bold\">Resina Compuesta<\/span><span class=\"MMM--txt_bold\">, Industria general<\/span><span class=\"MMM--txt_bold\">, Mantenimiento y reparaci\u00f3n<\/span><span class=\"MMM--txt_bold\">, Manufactura<\/span><span class=\"MMM--txt_bold\">, Naval<\/span><span class=\"MMM--txt_bold\">, Trabajos en metal<\/span><span class=\"MMM--txt_bold\">, Mantenimiento, Reparaci\u00f3n y Operaciones<\/span><span class=\"MMM--txt_bold\">, Preparaci\u00f3n de Pintura<\/span><span class=\"MMM--txt_bold\">, Transporte y equipamiento pesado<\/span><span class=\"MMM--txt_bold\">, Madera.<\/span><\/p>\n<ul class=\"MMM--pdpList SNAPS--bullets\">\n<li>Resistente a cargas<\/li>\n<li>Tiene un desempe\u00f1o similar a la lana de acero de grado 4 y no se astilla<\/li>\n<li>Corte r\u00e1pido<\/li>\n<\/ul>\n","protected":false},"excerpt":{"rendered":"<p>La Almohadilla de Mano para Trabajo Pesado 7440 de Scotch-Brite\u00ae es nuestra almohadilla de mano m\u00e1s agresiva y duradera.<\/p>\n<p>Su construcci\u00f3n s\u00faper densa la convierte en una excelente opci\u00f3n para sus aplicaciones m\u00e1s pesadas de limpieza, desbarbado y acabado.<\/p>\n","protected":false},"featured_media":2759,"comment_status":"open","ping_status":"closed","template":"","meta":[],"product_cat":[73,67],"product_tag":[115,113,114],"class_list":["post-2756","product","type-product","status-publish","has-post-thumbnail","hentry","product_cat-herramientas","product_cat-3m","product_tag-almohadilla","product_tag-fibra-3m","product_tag-fibra-industrial"],"_links":{"self":[{"href":"https:\/\/cormashop.com.mx\/index.php\/wp-json\/wp\/v2\/product\/2756","targetHints":{"allow":["GET"]}}],"collection":[{"href":"https:\/\/cormashop.com.mx\/index.php\/wp-json\/wp\/v2\/product"}],"about":[{"href":"https:\/\/cormashop.com.mx\/index.php\/wp-json\/wp\/v2\/types\/product"}],"replies":[{"embeddable":true,"href":"https:\/\/cormashop.com.mx\/index.php\/wp-json\/wp\/v2\/comments?post=2756"}],"wp:featuredmedia":[{"embeddable":true,"href":"https:\/\/cormashop.com.mx\/index.php\/wp-json\/wp\/v2\/media\/2759"}],"wp:attachment":[{"href":"https:\/\/cormashop.com.mx\/index.php\/wp-json\/wp\/v2\/media?parent=2756"}],"wp:term":[{"taxonomy":"product_cat","embeddable":true,"href":"https:\/\/cormashop.com.mx\/index.php\/wp-json\/wp\/v2\/product_cat?post=2756"},{"taxonomy":"product_tag","embeddable":true,"href":"https:\/\/cormashop.com.mx\/index.php\/wp-json\/wp\/v2\/product_tag?post=2756"}],"curies":[{"name":"wp","href":"https:\/\/api.w.org\/{rel}","templated":true}]}}