{"id":2757,"date":"2022-05-10T10:11:23","date_gmt":"2022-05-10T10:11:23","guid":{"rendered":"https:\/\/cormashop.com.mx\/?post_type=product&#038;p=2757"},"modified":"2025-04-29T19:13:02","modified_gmt":"2025-04-29T19:13:02","slug":"scotch-brite-almohadilla-de-mano-ultra-fina-7448","status":"publish","type":"product","link":"https:\/\/cormashop.com.mx\/index.php\/product\/scotch-brite-almohadilla-de-mano-ultra-fina-7448\/","title":{"rendered":"Scotch-Brite\u00ae Almohadilla de Mano Ultra Fina 7448"},"content":{"rendered":"<p>&nbsp;<\/p>\n<p><span class=\"MMM--txt_bold\">Industrias<\/span><\/p>\n<p><span class=\"MMM--txt_bold\">Aeroespacial<\/span><span class=\"MMM--txt_bold\">, Automotriz<\/span><span class=\"MMM--txt_bold\">, Mantenimiento y reparaci\u00f3n<\/span><span class=\"MMM--txt_bold\">, Manufactura<\/span><span class=\"MMM--txt_bold\">, Naval<\/span><span class=\"MMM--txt_bold\">, Trabajos en metal<\/span><span class=\"MMM--txt_bold\">, Madera<\/span><\/p>\n<p>&nbsp;<\/p>\n<ul class=\"MMM--pdpList SNAPS--bullets\">\n<li>Acabado ultrafino uniforme<\/li>\n<li>Resistente a cargas<\/li>\n<li>Tiene un desempe\u00f1o similar a la lana de acero grado 00 y no se astilla<\/li>\n<\/ul>\n","protected":false},"excerpt":{"rendered":"<p>Scotch-Brite\u00ae Almohadilla de Manos Utra Fina 7448 combina durabilidad para una larga vida \u00fatil con flexibilidad para alcanzar \u00e1reas estrechas, y se puede usar en lugar de lana de acero para acondicionar superficies met\u00e1licas y preparaci\u00f3n de pintura.<\/p>\n<p>A diferencia de la lana de acero fino, las almohadillas Scotch-Brite no se triturar\u00e1n durante el uso, se oxidar\u00e1n despu\u00e9s del uso ni dejar\u00e1n astillas de metal fino.<\/p>\n","protected":false},"featured_media":2760,"comment_status":"open","ping_status":"closed","template":"","meta":[],"product_cat":[73,67],"product_tag":[115,114],"class_list":["post-2757","product","type-product","status-publish","has-post-thumbnail","hentry","product_cat-herramientas","product_cat-3m","product_tag-almohadilla","product_tag-fibra-industrial"],"_links":{"self":[{"href":"https:\/\/cormashop.com.mx\/index.php\/wp-json\/wp\/v2\/product\/2757","targetHints":{"allow":["GET"]}}],"collection":[{"href":"https:\/\/cormashop.com.mx\/index.php\/wp-json\/wp\/v2\/product"}],"about":[{"href":"https:\/\/cormashop.com.mx\/index.php\/wp-json\/wp\/v2\/types\/product"}],"replies":[{"embeddable":true,"href":"https:\/\/cormashop.com.mx\/index.php\/wp-json\/wp\/v2\/comments?post=2757"}],"wp:featuredmedia":[{"embeddable":true,"href":"https:\/\/cormashop.com.mx\/index.php\/wp-json\/wp\/v2\/media\/2760"}],"wp:attachment":[{"href":"https:\/\/cormashop.com.mx\/index.php\/wp-json\/wp\/v2\/media?parent=2757"}],"wp:term":[{"taxonomy":"product_cat","embeddable":true,"href":"https:\/\/cormashop.com.mx\/index.php\/wp-json\/wp\/v2\/product_cat?post=2757"},{"taxonomy":"product_tag","embeddable":true,"href":"https:\/\/cormashop.com.mx\/index.php\/wp-json\/wp\/v2\/product_tag?post=2757"}],"curies":[{"name":"wp","href":"https:\/\/api.w.org\/{rel}","templated":true}]}}